{"id":3193,"date":"2014-01-19T21:27:17","date_gmt":"2014-01-19T20:27:17","guid":{"rendered":"http:\/\/LegendMTBclub.cz\/?page_id=3193"},"modified":"2016-02-05T22:26:07","modified_gmt":"2016-02-05T21:26:07","slug":"fotogalerie-2014","status":"publish","type":"page","link":"https:\/\/LegendMTBclub.cz\/?page_id=3193","title":{"rendered":"Fotogalerie 2014"},"content":{"rendered":"<p><a href=\"http:\/\/legendmtbclub.cz\/index.php\/nggallery\/zari-rijen-listopad-prosinec-2014\/24-12-2014?page_id=3231\"><img loading=\"lazy\" decoding=\"async\" class=\"alignleft wp-image-1761\" title=\"\u0160t\u011bdr\u00fd den 24.12.2014 \" src=\"http:\/\/LegendMTBclub.cz\/wp-content\/uploads\/2014\/01\/IMG_5955-400x300.jpg\" alt=\"\" width=\"288\" height=\"216\" \/><\/a><\/p>\n<p><a href=\"http:\/\/legendmtbclub.cz\/index.php\/nggallery\/zari-rijen-listopad-prosinec-2014\/23-12-2014?page_id=3231\"><img loading=\"lazy\" decoding=\"async\" class=\"alignleft wp-image-1761\" title=\"Dev\u00e1t\u00fd NIGHT RIDE 23.12.2014 \" src=\"http:\/\/LegendMTBclub.cz\/wp-content\/uploads\/2014\/01\/strom.jpg\" alt=\"\" width=\"288\" height=\"216\" \/><\/a><\/p>\n<p><a href=\"http:\/\/legendmtbclub.cz\/index.php\/nggallery\/zari-rijen-listopad-prosinec-2014\/16-12-2014?page_id=3231\"><img loading=\"lazy\" decoding=\"async\" class=\"alignleft wp-image-1761\" title=\"Osm\u00fd NIGHT RIDE 16.12.2014 \" src=\"http:\/\/LegendMTBclub.cz\/wp-content\/uploads\/2014\/01\/10474826_10152967068557952_1681035257065914355_o-533x300.jpg\" alt=\"\" width=\"288\" height=\"216\" \/><\/a><\/p>\n<p><a href=\"http:\/\/legendmtbclub.cz\/index.php\/nggallery\/zari-rijen-listopad-prosinec-2014\/9-12-2014?page_id=3231\"><img loading=\"lazy\" decoding=\"async\" class=\"alignleft wp-image-1761\" title=\"Sedm\u00fd NIGHT RIDE 9.12.2014 \" src=\"http:\/\/LegendMTBclub.cz\/wp-content\/uploads\/2014\/01\/IMG_2435-400x300.jpg\" alt=\"\" width=\"288\" height=\"216\" \/><\/a><\/p>\n<p><a href=\"http:\/\/legendmtbclub.cz\/index.php\/nggallery\/zari-rijen-listopad-prosinec-2014\/25-11-2014?page_id=3231\"><img loading=\"lazy\" decoding=\"async\" class=\"alignleft wp-image-1761\" title=\"P\u00e1t\u00fd NIGHT RIDE 25.11.2014 \" src=\"http:\/\/LegendMTBclub.cz\/wp-content\/uploads\/2014\/01\/IMG_2410-400x300.jpg\" alt=\"\" width=\"288\" height=\"216\" \/><\/a><\/p>\n<p><a href=\"http:\/\/legendmtbclub.cz\/index.php\/nggallery\/zari-rijen-listopad-prosinec-2014\/11-11-2014?page_id=3231\"><img loading=\"lazy\" decoding=\"async\" class=\"alignleft wp-image-1761\" title=\"T\u0159et\u00ed NIGHT RIDE 11.11.2014\" src=\"http:\/\/LegendMTBclub.cz\/wp-content\/uploads\/2014\/01\/IMG_2400-400x300.jpg\" alt=\"\" width=\"288\" height=\"216\" \/><\/a><\/p>\n<p><a href=\"http:\/\/legendmtbclub.cz\/index.php\/nggallery\/zari-rijen-listopad-prosinec-2014\/po-stopach-maratonu-2014?page_id=3231\"><img loading=\"lazy\" decoding=\"async\" class=\"alignleft wp-image-1761\" title=\"Po stop\u00e1ch Maratonu \" src=\"http:\/\/LegendMTBclub.cz\/wp-content\/uploads\/2014\/01\/IMG_2361-400x300.jpg\" alt=\"\" width=\"288\" height=\"216\" \/><\/a><\/p>\n<p><a href=\"http:\/\/legendmtbclub.cz\/index.php\/nggallery\/zari-rijen-listopad-prosinec-2014\/27-9-2014?page_id=3231\"><img loading=\"lazy\" decoding=\"async\" class=\"alignleft wp-image-1761\" title=\"Su\u0161ice s Nezmarama 27.9.2014\" src=\"http:\/\/LegendMTBclub.cz\/wp-content\/uploads\/2014\/01\/IMG_4894-400x300.jpg\" alt=\"\" width=\"288\" height=\"216\" \/><\/a><\/p>\n<p><a href=\"http:\/\/legendmtbclub.cz\/index.php\/nggallery\/cervenec-2014\/sb-2014?page_id=3231\"><img loading=\"lazy\" decoding=\"async\" class=\"alignleft wp-image-1761\" title=\" SB 2014\" src=\"http:\/\/LegendMTBclub.cz\/wp-content\/uploads\/2014\/01\/IMG_4757-400x300.jpg\" alt=\"\" width=\"288\" height=\"216\" \/><\/a><\/p>\n<p><a href=\"http:\/\/legendmtbclub.cz\/index.php\/nggallery\/cerven-2014\/21-6-2014_pavel?page_id=3231\"><img loading=\"lazy\" decoding=\"async\" class=\"alignleft wp-image-1761\" title=\" Svatoj\u00e1nsk\u00e9 proudy a S\u00e1zava od Pavla 21.6.2014\" src=\"http:\/\/LegendMTBclub.cz\/wp-content\/uploads\/2014\/01\/20140621_142706-400x300.jpg\" alt=\"\" width=\"288\" height=\"216\" \/><\/a><\/p>\n<p><a href=\"http:\/\/legendmtbclub.cz\/index.php\/nggallery\/cerven-2014\/21-6-2014-2?page_id=3231\"><img loading=\"lazy\" decoding=\"async\" class=\"alignleft wp-image-1761\" title=\" Svatoj\u00e1nsk\u00e9 proudy a S\u00e1zava 21.6.2014\" src=\"http:\/\/LegendMTBclub.cz\/wp-content\/uploads\/2014\/01\/IMG_2094-400x300.jpg\" alt=\"\" width=\"288\" height=\"216\" \/><\/a><\/p>\n<p><a href=\"http:\/\/legendmtbclub.cz\/?page_id=1624&amp;album=42&amp;gallery=179\"><img loading=\"lazy\" decoding=\"async\" class=\" wp-image-1761 alignleft\" title=\"100mil 2014 24.5.2014\" src=\"http:\/\/LegendMTBclub.cz\/wp-content\/gallery\/24-5-2014\/img_2075.jpg\" alt=\"\" width=\"288\" height=\"216\" \/><\/a><\/p>\n<p><a href=\"http:\/\/legendmtbclub.cz\/?page_id=1624&amp;album=41&amp;gallery=178\"><img loading=\"lazy\" decoding=\"async\" class=\" wp-image-1761 alignleft\" title=\"Novohradky 20.4.2014\" src=\"http:\/\/LegendMTBclub.cz\/wp-content\/uploads\/2014\/04\/IMG_3644.jpg\" alt=\"\" width=\"288\" height=\"216\" \/><\/a><\/p>\n<p><a href=\"http:\/\/legendmtbclub.cz\/?page_id=1624&amp;album=41&amp;gallery=177\"><img loading=\"lazy\" decoding=\"async\" class=\" wp-image-1761 alignleft\" title=\"Kle\u0165 4.4.2014\" src=\"http:\/\/LegendMTBclub.cz\/wp-content\/uploads\/2014\/01\/IMG_3202-400x300.jpg\" alt=\"\" width=\"288\" height=\"216\" \/><\/a><\/p>\n<p><a href=\"http:\/\/legendmtbclub.cz\/index.php\/nggallery\/brezen-2014\/30-3-2014?page_id=3231\"><img loading=\"lazy\" decoding=\"async\" class=\"alignleft wp-image-1761\" title=\"Pod\u00e9l b\u0159ehu Mal\u0161e 30.3.2014\" src=\"http:\/\/LegendMTBclub.cz\/wp-content\/uploads\/2014\/01\/eufrozina-410x300.jpg\" alt=\"\" width=\"288\" height=\"216\" \/><\/a><\/p>\n<p><a href=\"http:\/\/legendmtbclub.cz\/index.php\/nggallery\/brezen-2014\/25-3-2014?page_id=3231\"><img loading=\"lazy\" decoding=\"async\" class=\"alignleft wp-image-1761\" title=\"Lou\u010den\u00ed s Night ride sezonou 25.3.2014\" src=\"http:\/\/LegendMTBclub.cz\/wp-content\/uploads\/2014\/01\/IMG_3053-400x300.jpg\" alt=\"\" width=\"288\" height=\"216\" \/><\/a><\/p>\n<p><a href=\"http:\/\/legendmtbclub.cz\/index.php\/nggallery\/brezen-2014\/18-3-2014?page_id=3231\"><img loading=\"lazy\" decoding=\"async\" class=\"alignleft wp-image-1761\" title=\"Night ride Dubn\u00e9 a okol\u00ed 18.3.2014\" src=\"http:\/\/LegendMTBclub.cz\/wp-content\/uploads\/2014\/01\/IMG_2959-400x300.jpg\" alt=\"\" width=\"288\" height=\"216\" \/><\/a><\/p>\n<p><a href=\"http:\/\/legendmtbclub.cz\/index.php\/nggallery\/brezen-2014\/11-3-2014?page_id=3231\"><img loading=\"lazy\" decoding=\"async\" class=\"alignleft wp-image-1761\" title=\"Night ride Vele\u0161\u00edn 11.3.2014\" src=\"http:\/\/LegendMTBclub.cz\/wp-content\/uploads\/2014\/01\/IMG_2915-400x300.jpg\" alt=\"\" width=\"288\" height=\"216\" \/><\/a><\/p>\n<p><a href=\"http:\/\/legendmtbclub.cz\/index.php\/nggallery\/brezen-2014\/8-3-2014?page_id=3231\"><img loading=\"lazy\" decoding=\"async\" class=\"alignleft wp-image-1761\" title=\"K\u00e1jov a okol\u00ed 8.3.2014\" src=\"http:\/\/LegendMTBclub.cz\/wp-content\/uploads\/2014\/01\/8.3.2014-11-400x300.jpg\" alt=\"\" width=\"288\" height=\"216\" \/><\/a><\/p>\n<p><a href=\"http:\/\/legendmtbclub.cz\/index.php\/nggallery\/brezen-2014\/4-3-2014-2?page_id=3231\"><img loading=\"lazy\" decoding=\"async\" class=\"alignleft wp-image-1761\" title=\"Po \u010derven\u00e9 pod\u00e9l Vltavy 4.3.2014\" src=\"http:\/\/LegendMTBclub.cz\/wp-content\/uploads\/2014\/01\/IMG_2788-400x300.jpg\" alt=\"\" width=\"288\" height=\"216\" \/><\/a><\/p>\n<p><a href=\"http:\/\/legendmtbclub.cz\/index.php\/nggallery\/brezen-2014\/2-3-2014?page_id=3231\"><img loading=\"lazy\" decoding=\"async\" class=\"alignleft wp-image-1761\" title=\"Vele\u0161\u00edn 2.3.2014\" src=\"http:\/\/LegendMTBclub.cz\/wp-content\/uploads\/2014\/01\/2.2.2014-6-400x300.jpg\" alt=\"\" width=\"288\" height=\"216\" \/><\/a><\/p>\n<p><a href=\"http:\/\/legendmtbclub.cz\/index.php\/nggallery\/unor-2014\/25-2-2014?page_id=3231\"><img loading=\"lazy\" decoding=\"async\" class=\"alignleft wp-image-1761\" title=\"Kluk 25.2.2014\" src=\"http:\/\/LegendMTBclub.cz\/wp-content\/uploads\/2014\/01\/IMG_2713-400x300.jpg\" alt=\"\" width=\"288\" height=\"216\" \/><\/a><\/p>\n<p><a href=\"http:\/\/legendmtbclub.cz\/index.php\/nggallery\/unor-2014\/22-2-2014?page_id=3231\"><img loading=\"lazy\" decoding=\"async\" class=\"alignleft wp-image-1761\" title=\"Pod B\u011btou 22.2.2014\" src=\"http:\/\/LegendMTBclub.cz\/wp-content\/uploads\/2014\/01\/22.2.2014-25-400x300.jpg\" alt=\"\" width=\"288\" height=\"216\" \/><\/a><\/p>\n<p><a href=\"http:\/\/legendmtbclub.cz\/index.php\/nggallery\/unor-2014\/16-2-2014?page_id=3231\"><img loading=\"lazy\" decoding=\"async\" class=\"alignleft wp-image-1761\" title=\"\u0158\u00edmov 16.2.2014\" src=\"http:\/\/LegendMTBclub.cz\/wp-content\/uploads\/2014\/01\/IMG_2643-400x300.jpg\" alt=\"\" width=\"288\" height=\"216\" \/><\/a><\/p>\n<p><a href=\"http:\/\/legendmtbclub.cz\/index.php\/nggallery\/unor-2014\/11-2-2014?page_id=3231\"><img loading=\"lazy\" decoding=\"async\" class=\"alignleft wp-image-1761\" title=\"Jivno 11.2.2014\" src=\"http:\/\/LegendMTBclub.cz\/wp-content\/uploads\/2014\/01\/IMG_2605-400x300.jpg\" alt=\"\" width=\"288\" height=\"216\" \/><\/a><\/p>\n<p><a href=\"http:\/\/legendmtbclub.cz\/index.php\/nggallery\/unor-2014\/bikepacking?page_id=3231\"><img loading=\"lazy\" decoding=\"async\" class=\"alignleft wp-image-1761\" title=\"Bra\u0161ni\u010dky na prodej\" src=\"http:\/\/LegendMTBclub.cz\/wp-content\/uploads\/2014\/01\/BlueColection_1-400x300.jpg\" alt=\"\" width=\"288\" height=\"216\" \/><\/a><\/p>\n<p><a href=\"http:\/\/legendmtbclub.cz\/index.php\/nggallery\/unor-2014\/4-2-2014?page_id=3231\"><img loading=\"lazy\" decoding=\"async\" class=\"alignleft wp-image-1761\" title=\"Holubov 4.2.2014\" src=\"http:\/\/LegendMTBclub.cz\/wp-content\/uploads\/2014\/01\/IMG_2488-400x300.jpg\" alt=\"\" width=\"288\" height=\"216\" \/><\/a><\/p>\n<p><a href=\"http:\/\/legendmtbclub.cz\/?page_id=1624&amp;album=38&amp;gallery=162\"><img loading=\"lazy\" decoding=\"async\" class=\" wp-image-1761 alignleft\" title=\"Dobr\u00e1 Voda 28.1.2014\" src=\"http:\/\/LegendMTBclub.cz\/wp-content\/uploads\/2014\/01\/IMG_2382-400x300.jpg\" alt=\"\" width=\"288\" height=\"216\" \/><\/a><\/p>\n<p><a href=\"http:\/\/legendmtbclub.cz\/?page_id=1624&amp;album=38&amp;gallery=161\"><img loading=\"lazy\" decoding=\"async\" class=\" wp-image-1761 alignleft\" title=\"Pod Vysokou B\u011btou 26.1.2014\" src=\"http:\/\/LegendMTBclub.cz\/wp-content\/uploads\/2014\/01\/IMG_2339-400x300.jpg\" alt=\"\" width=\"288\" height=\"216\" \/><\/a><\/p>\n<p><a href=\"http:\/\/legendmtbclub.cz\/index.php\/nggallery\/leden-2014\/12-1-2014?page_id=3231\"><img loading=\"lazy\" decoding=\"async\" class=\"alignleft wp-image-1761\" title=\"Deht\u00e1\u0159 12.1.2014\" src=\"http:\/\/LegendMTBclub.cz\/wp-content\/uploads\/2014\/01\/IMG_2302-400x300.jpg\" alt=\"\" width=\"288\" height=\"216\" \/><\/a><\/p>\n<p><a href=\"http:\/\/legendmtbclub.cz\/index.php\/nggallery\/leden-2014\/5-1-2014?page_id=3231\"><img loading=\"lazy\" decoding=\"async\" class=\" wp-image-1761 alignleft\" title=\"Tode\u0148 5.1.2014\" src=\"http:\/\/LegendMTBclub.cz\/wp-content\/uploads\/2014\/01\/IMG_2287-400x300.jpg\" alt=\"\" width=\"288\" height=\"216\" \/><\/a><\/p>\n","protected":false},"excerpt":{"rendered":"","protected":false},"author":1,"featured_media":0,"parent":0,"menu_order":0,"comment_status":"closed","ping_status":"closed","template":"onecolumn-page.php","meta":{"ngg_post_thumbnail":0,"footnotes":""},"class_list":["post-3193","page","type-page","status-publish","hentry"],"jetpack_sharing_enabled":true,"jetpack_shortlink":"https:\/\/wp.me\/P8w082-Pv","_links":{"self":[{"href":"https:\/\/LegendMTBclub.cz\/index.php?rest_route=\/wp\/v2\/pages\/3193","targetHints":{"allow":["GET"]}}],"collection":[{"href":"https:\/\/LegendMTBclub.cz\/index.php?rest_route=\/wp\/v2\/pages"}],"about":[{"href":"https:\/\/LegendMTBclub.cz\/index.php?rest_route=\/wp\/v2\/types\/page"}],"author":[{"embeddable":true,"href":"https:\/\/LegendMTBclub.cz\/index.php?rest_route=\/wp\/v2\/users\/1"}],"replies":[{"embeddable":true,"href":"https:\/\/LegendMTBclub.cz\/index.php?rest_route=%2Fwp%2Fv2%2Fcomments&post=3193"}],"version-history":[{"count":94,"href":"https:\/\/LegendMTBclub.cz\/index.php?rest_route=\/wp\/v2\/pages\/3193\/revisions"}],"predecessor-version":[{"id":7231,"href":"https:\/\/LegendMTBclub.cz\/index.php?rest_route=\/wp\/v2\/pages\/3193\/revisions\/7231"}],"wp:attachment":[{"href":"https:\/\/LegendMTBclub.cz\/index.php?rest_route=%2Fwp%2Fv2%2Fmedia&parent=3193"}],"curies":[{"name":"wp","href":"https:\/\/api.w.org\/{rel}","templated":true}]}}