{"id":47,"date":"2011-02-08T23:32:53","date_gmt":"2011-02-08T23:32:53","guid":{"rendered":"http:\/\/legendmtbclub.cz\/?page_id=47"},"modified":"2011-02-13T15:20:30","modified_gmt":"2011-02-13T15:20:30","slug":"obtiznost-akci","status":"publish","type":"page","link":"http:\/\/LegendMTBclub.cz\/?page_id=47","title":{"rendered":"Obt\u00ed\u017enost akc\u00ed"},"content":{"rendered":"<h5>\n<table style=\"text-align: -webkit-auto;\">\n<tbody>\n<tr bgcolor=\"#999999\">\n<td width=\"80\" align=\"center\">\n<h3 style=\"text-align: center;\"><span style=\"border-collapse: separate; line-height: 16px;\">Obt\u00ed\u017enost<\/span><\/h3>\n<\/td>\n<td width=\"350\" align=\"center\">\n<h3><span style=\"border-collapse: separate; line-height: 16px;\">Popis<\/span><\/h3>\n<\/td>\n<td width=\"50\" align=\"center\">\n<h3><span style=\"border-collapse: separate; line-height: 16px;\">Vzd\u00e1lenost<\/span><\/h3>\n<\/td>\n<td width=\"300\" align=\"center\">\n<h3 style=\"text-align: center;\"><span style=\"border-collapse: separate; line-height: 16px;\">Tempo<\/span><\/h3>\n<\/td>\n<td width=\"80\" align=\"center\">\n<h3 style=\"text-align: center;\"><span style=\"border-collapse: separate; line-height: 16px;\">Technika<\/span><\/h3>\n<\/td>\n<\/tr>\n<tr bgcolor=\"#ffffff\">\n<td align=\"center\">\n<h5><span style=\"color: #444444;\"><span style=\"border-collapse: separate; line-height: 16px;\">Za\u010d\u00e1te\u010dn\u00edk<\/span><\/span><\/h5>\n<\/td>\n<td align=\"center\">\n<h5><span style=\"color: #444444;\"><span style=\"border-collapse: separate; line-height: 16px;\">Lehk\u00e1 trasa po sv\u00e1\u017enic\u00edch, vhodn\u00e1 pro za\u010d\u00e1te\u010dn\u00edky<\/span><\/span><\/h5>\n<\/td>\n<td align=\"center\">\n<h5><span style=\"color: #444444;\"><span style=\"border-collapse: separate; line-height: 16px;\">cca 30km<\/span><\/span><\/h5>\n<\/td>\n<td align=\"center\">\n<h5><span style=\"color: #444444;\"><span style=\"border-collapse: separate; line-height: 16px;\">M\u00edrn\u00e9 aby vyhovovalo nejpomalej\u0161\u00edmu jezdci<\/span><\/span><\/h5>\n<\/td>\n<td align=\"center\">\n<h5><span style=\"color: #444444;\"><span style=\"border-collapse: separate; line-height: 16px;\">\u017d\u00e1dn\u00e1<\/span><\/span><\/h5>\n<\/td>\n<\/tr>\n<tr bgcolor=\"#ffffff\">\n<td align=\"center\">\n<h5><span style=\"color: #444444;\"><span style=\"border-collapse: separate; line-height: 16px;\">Lehk\u00e1<\/span><\/span><\/h5>\n<\/td>\n<td align=\"center\">\n<h5><span style=\"color: #444444;\"><span style=\"border-collapse: separate; line-height: 16px;\">Sv\u00e1\u017enice<\/span><\/span><\/h5>\n<\/td>\n<td align=\"center\">\n<h5><span style=\"color: #444444;\"><span style=\"border-collapse: separate; line-height: 16px;\">cca 50km<\/span><\/span><\/h5>\n<\/td>\n<td align=\"center\">\n<h5><span style=\"color: #444444;\"><span style=\"border-collapse: separate; line-height: 16px;\">M\u00edrn\u00e9<\/span><\/span><\/h5>\n<\/td>\n<td align=\"center\">\n<h5><span style=\"color: #444444;\"><span style=\"border-collapse: separate; line-height: 16px;\">Minim\u00e1ln\u00ed<\/span><\/span><\/h5>\n<\/td>\n<\/tr>\n<tr bgcolor=\"#ffffff\">\n<td align=\"center\">\n<h5><span style=\"color: #444444;\"><span style=\"border-collapse: separate; line-height: 16px;\">St\u0159edn\u00ed<\/span><\/span><\/h5>\n<\/td>\n<td align=\"center\">\n<h5><span style=\"color: #444444;\"><span style=\"border-collapse: separate; line-height: 16px;\">M\u00edrn\u00fd ter\u00e9n<\/span><\/span><\/h5>\n<\/td>\n<td align=\"center\">\n<h5><span style=\"color: #444444;\"><span style=\"border-collapse: separate; line-height: 16px;\">cca 50km<\/span><\/span><\/h5>\n<\/td>\n<td align=\"center\">\n<h5><span style=\"color: #444444;\"><span style=\"border-collapse: separate; line-height: 16px;\">Pohodov\u00e9 tempo<\/span><\/span><\/h5>\n<\/td>\n<td align=\"center\">\n<h5><span style=\"color: #444444;\"><span style=\"border-collapse: separate; line-height: 16px;\">Lehk\u00fd ter\u00e9n<\/span><\/span><\/h5>\n<\/td>\n<\/tr>\n<tr bgcolor=\"#ffffff\">\n<td align=\"center\">\n<h5><span style=\"color: #444444;\"><span style=\"border-collapse: separate; line-height: 16px;\">T\u011b\u017e\u0161\u00ed<\/span><\/span><\/h5>\n<\/td>\n<td align=\"center\">\n<h5><span style=\"color: #444444;\"><span style=\"border-collapse: separate; line-height: 16px;\">St\u0159edn\u00ed ter\u00e9n se sjezdy<\/span><\/span><\/h5>\n<\/td>\n<td align=\"center\">\n<h5><span style=\"color: #444444;\"><span style=\"border-collapse: separate; line-height: 16px;\">cca 80km<\/span><\/span><\/h5>\n<\/td>\n<td align=\"center\">\n<h5><span style=\"color: #444444;\"><span style=\"border-collapse: separate; line-height: 16px;\">Odpov\u00eddaj\u00edc\u00ed ter\u00e9nu<\/span><\/span><\/h5>\n<\/td>\n<td align=\"center\">\n<h5><span style=\"color: #444444;\"><span style=\"border-collapse: separate; line-height: 16px;\">St\u0159edn\u00ed ter\u00e9m<\/span><\/span><\/h5>\n<\/td>\n<\/tr>\n<tr bgcolor=\"#ffffff\">\n<td align=\"center\">\n<h5><span style=\"color: #444444;\"><span style=\"border-collapse: separate; line-height: 16px;\">N\u00e1ro\u010dn\u00e1<\/span><\/span><\/h5>\n<\/td>\n<td align=\"center\">\n<h5><span style=\"color: #444444;\"><span style=\"border-collapse: separate; line-height: 16px;\">T\u011b\u017ek\u00fd ter\u00e9n, n\u00e1ro\u010dn\u00e9 v\u00fdjezdy a sjezdy<\/span><\/span><\/h5>\n<\/td>\n<td align=\"center\">\n<h5><span style=\"color: #444444;\"><span style=\"border-collapse: separate; line-height: 16px;\">cca 100km<\/span><\/span><\/h5>\n<\/td>\n<td align=\"center\">\n<h5><span style=\"color: #444444;\"><span style=\"border-collapse: separate; line-height: 16px;\">Odpov\u00eddaj\u00edc\u00ed ter\u00e9nu a vzd\u00e1lenosti<\/span><\/span><\/h5>\n<\/td>\n<td align=\"center\">\n<h5><span style=\"color: #444444;\"><span style=\"border-collapse: separate; line-height: 16px;\">T\u011b\u017ek\u00fd ter\u00e9n<\/span><\/span><\/h5>\n<\/td>\n<\/tr>\n<tr bgcolor=\"#ffffff\">\n<td align=\"center\">\n<h5><span style=\"color: #444444;\"><span style=\"border-collapse: separate; line-height: 16px;\">Technick\u00e1<\/span><\/span><\/h5>\n<\/td>\n<td align=\"center\">\n<h5><span style=\"color: #444444;\"><span style=\"border-collapse: separate; line-height: 16px;\">Technick\u00fd ter\u00e9n, technick\u00e9 v\u00fdjezdy a sjezdy<\/span><\/span><\/h5>\n<\/td>\n<td align=\"center\">\n<h5><span style=\"color: #444444;\"><span style=\"border-collapse: separate; line-height: 16px;\">cca 50km<\/span><\/span><\/h5>\n<\/td>\n<td align=\"center\">\n<h5><span style=\"color: #444444;\"><span style=\"border-collapse: separate; line-height: 16px;\">N\u00e1ro\u010dn\u00fd ter\u00e9n n\u00e1soben\u00fd vzd\u00e1lenost\u00ed<\/span><\/span><\/h5>\n<\/td>\n<td align=\"center\">\n<h5><span style=\"color: #444444;\"><span style=\"border-collapse: separate; line-height: 16px;\">Technika<\/span><\/span><\/h5>\n<\/td>\n<\/tr>\n<\/tbody>\n<\/table>\n<\/h5>\n","protected":false},"excerpt":{"rendered":"<p>Obt\u00ed\u017enost Popis Vzd\u00e1lenost Tempo Technika Za\u010d\u00e1te\u010dn\u00edk Lehk\u00e1 trasa po sv\u00e1\u017enic\u00edch, vhodn\u00e1 pro za\u010d\u00e1te\u010dn\u00edky cca 30km M\u00edrn\u00e9 aby vyhovovalo nejpomalej\u0161\u00edmu jezdci \u017d\u00e1dn\u00e1 Lehk\u00e1 Sv\u00e1\u017enice cca 50km M\u00edrn\u00e9 Minim\u00e1ln\u00ed St\u0159edn\u00ed M\u00edrn\u00fd ter\u00e9n cca 50km Pohodov\u00e9 tempo Lehk\u00fd ter\u00e9n T\u011b\u017e\u0161\u00ed St\u0159edn\u00ed ter\u00e9n se &hellip; <a href=\"http:\/\/LegendMTBclub.cz\/?page_id=47\">Cel\u00fd p\u0159\u00edsp\u011bvek <span class=\"meta-nav\">&rarr;<\/span><\/a><\/p>\n","protected":false},"author":1,"featured_media":0,"parent":0,"menu_order":0,"comment_status":"closed","ping_status":"closed","template":"onecolumn-page.php","meta":{"ngg_post_thumbnail":0,"footnotes":""},"class_list":["post-47","page","type-page","status-publish","hentry"],"jetpack_sharing_enabled":true,"jetpack_shortlink":"https:\/\/wp.me\/P8w082-L","_links":{"self":[{"href":"http:\/\/LegendMTBclub.cz\/index.php?rest_route=\/wp\/v2\/pages\/47","targetHints":{"allow":["GET"]}}],"collection":[{"href":"http:\/\/LegendMTBclub.cz\/index.php?rest_route=\/wp\/v2\/pages"}],"about":[{"href":"http:\/\/LegendMTBclub.cz\/index.php?rest_route=\/wp\/v2\/types\/page"}],"author":[{"embeddable":true,"href":"http:\/\/LegendMTBclub.cz\/index.php?rest_route=\/wp\/v2\/users\/1"}],"replies":[{"embeddable":true,"href":"http:\/\/LegendMTBclub.cz\/index.php?rest_route=%2Fwp%2Fv2%2Fcomments&post=47"}],"version-history":[{"count":6,"href":"http:\/\/LegendMTBclub.cz\/index.php?rest_route=\/wp\/v2\/pages\/47\/revisions"}],"predecessor-version":[{"id":81,"href":"http:\/\/LegendMTBclub.cz\/index.php?rest_route=\/wp\/v2\/pages\/47\/revisions\/81"}],"wp:attachment":[{"href":"http:\/\/LegendMTBclub.cz\/index.php?rest_route=%2Fwp%2Fv2%2Fmedia&parent=47"}],"curies":[{"name":"wp","href":"https:\/\/api.w.org\/{rel}","templated":true}]}}