{"id":4537,"date":"2015-01-04T23:08:56","date_gmt":"2015-01-04T22:08:56","guid":{"rendered":"http:\/\/LegendMTBclub.cz\/?page_id=4537"},"modified":"2016-05-11T13:23:41","modified_gmt":"2016-05-11T12:23:41","slug":"fotogalerie-2015","status":"publish","type":"page","link":"http:\/\/LegendMTBclub.cz\/?page_id=4537","title":{"rendered":"Fotogalerie 2015 album"},"content":{"rendered":"<p>\t<div class=\"ngg-albumoverview default-view\">\n\t\t\t\t\t<div class=\"ngg-album-compact\">\n\t\t\t\t<div class=\"ngg-album-compactbox\">\n\t\t\t\t\t<div class=\"ngg-album-link\">\n\t\t\t\t\t\t\t\t\t\t\t\t\t\t\t\t\t\t\t\t\t<a title='5.4.2015' href='http:\/\/LegendMTBclub.cz\/index.php\/nggallery\/duben-kveten-2015\/5-4-2015?page_id=4537'>\n\t\t\t\t\t\t\t\t\t<img class=\"Thumb\"\n\t\t\t\t\t\t\t\t\t\talt=\"5.4.2015\"\n\t\t\t\t\t\t\t\t\t\tsrc=\"http:\/\/LegendMTBclub.cz\/wp-content\/gallery\/5-4-2015\/cache\/img_2660.jpg-nggid0510263-ngg0dyn-91x68-00f0w010c011r110f110r010t010.jpg\"\/>\n\t\t\t\t\t\t\t\t<\/a>\n\t\t\t\t\t\t\t\t\t\t\t\t\t\t\t\t\t\t<\/div>\n\t\t\t\t<\/div>\n\t\t\t\t\t\t\t\t<h4>\n\t\t\t\t\t<a class='ngg-album-desc' \n\t\t\t\t\ttitle='5.4.2015' href='http:\/\/LegendMTBclub.cz\/index.php\/nggallery\/duben-kveten-2015\/5-4-2015?page_id=4537'style=\"max-width: 111px\"\t\t\t\t\t>\n\t\t\t\t\t\t5.4.2015\t\t\t\t\t<\/a>\n\t\t\t\t<\/h4>\n\t\t\t\t<p class=\"ngg-album-gallery-image-counter\">\n\t\t\t\t\t\t\t\t\t\t\t<strong>18<\/strong>&nbsp;Fotky\t\t\t\t\t\t\t\t\t<\/p>\n\t\t\t<\/div>\n\t\t\t\t\t<div class=\"ngg-album-compact\">\n\t\t\t\t<div class=\"ngg-album-compactbox\">\n\t\t\t\t\t<div class=\"ngg-album-link\">\n\t\t\t\t\t\t\t\t\t\t\t\t\t\t\t\t\t\t\t\t\t<a title='14.4.2015' href='http:\/\/LegendMTBclub.cz\/index.php\/nggallery\/duben-kveten-2015\/14-4-2015?page_id=4537'>\n\t\t\t\t\t\t\t\t\t<img class=\"Thumb\"\n\t\t\t\t\t\t\t\t\t\talt=\"14.4.2015\"\n\t\t\t\t\t\t\t\t\t\tsrc=\"http:\/\/LegendMTBclub.cz\/wp-content\/gallery\/14-4-2015\/cache\/img_2703.jpg-nggid0510366-ngg0dyn-91x68-00f0w010c011r110f110r010t010.jpg\"\/>\n\t\t\t\t\t\t\t\t<\/a>\n\t\t\t\t\t\t\t\t\t\t\t\t\t\t\t\t\t\t<\/div>\n\t\t\t\t<\/div>\n\t\t\t\t\t\t\t\t<h4>\n\t\t\t\t\t<a class='ngg-album-desc' \n\t\t\t\t\ttitle='14.4.2015' href='http:\/\/LegendMTBclub.cz\/index.php\/nggallery\/duben-kveten-2015\/14-4-2015?page_id=4537'style=\"max-width: 111px\"\t\t\t\t\t>\n\t\t\t\t\t\t14.4.2015\t\t\t\t\t<\/a>\n\t\t\t\t<\/h4>\n\t\t\t\t<p class=\"ngg-album-gallery-image-counter\">\n\t\t\t\t\t\t\t\t\t\t\t<strong>9<\/strong>&nbsp;Fotky\t\t\t\t\t\t\t\t\t<\/p>\n\t\t\t<\/div>\n\t\t\t\t\t<div class=\"ngg-album-compact\">\n\t\t\t\t<div class=\"ngg-album-compactbox\">\n\t\t\t\t\t<div class=\"ngg-album-link\">\n\t\t\t\t\t\t\t\t\t\t\t\t\t\t\t\t\t\t\t\t\t<a title='18.4.2014' href='http:\/\/LegendMTBclub.cz\/index.php\/nggallery\/duben-kveten-2015\/18-4-2014?page_id=4537'>\n\t\t\t\t\t\t\t\t\t<img class=\"Thumb\"\n\t\t\t\t\t\t\t\t\t\talt=\"18.4.2014\"\n\t\t\t\t\t\t\t\t\t\tsrc=\"http:\/\/LegendMTBclub.cz\/wp-content\/gallery\/18-4-2014\/cache\/img_6864.jpg-nggid0510428-ngg0dyn-91x68-00f0w010c011r110f110r010t010.jpg\"\/>\n\t\t\t\t\t\t\t\t<\/a>\n\t\t\t\t\t\t\t\t\t\t\t\t\t\t\t\t\t\t<\/div>\n\t\t\t\t<\/div>\n\t\t\t\t\t\t\t\t<h4>\n\t\t\t\t\t<a class='ngg-album-desc' \n\t\t\t\t\ttitle='18.4.2014' href='http:\/\/LegendMTBclub.cz\/index.php\/nggallery\/duben-kveten-2015\/18-4-2014?page_id=4537'style=\"max-width: 111px\"\t\t\t\t\t>\n\t\t\t\t\t\t18.4.2014\t\t\t\t\t<\/a>\n\t\t\t\t<\/h4>\n\t\t\t\t<p class=\"ngg-album-gallery-image-counter\">\n\t\t\t\t\t\t\t\t\t\t\t<strong>62<\/strong>&nbsp;Fotky\t\t\t\t\t\t\t\t\t<\/p>\n\t\t\t<\/div>\n\t\t\t\t\t<div class=\"ngg-album-compact\">\n\t\t\t\t<div class=\"ngg-album-compactbox\">\n\t\t\t\t\t<div class=\"ngg-album-link\">\n\t\t\t\t\t\t\t\t\t\t\t\t\t\t\t\t\t\t\t\t\t<a title='25.4.2015' href='http:\/\/LegendMTBclub.cz\/index.php\/nggallery\/duben-kveten-2015\/25-4-2015?page_id=4537'>\n\t\t\t\t\t\t\t\t\t<img class=\"Thumb\"\n\t\t\t\t\t\t\t\t\t\talt=\"25.4.2015\"\n\t\t\t\t\t\t\t\t\t\tsrc=\"http:\/\/LegendMTBclub.cz\/wp-content\/gallery\/25-4-2015\/cache\/img_6923.jpg-nggid0510478-ngg0dyn-91x68-00f0w010c011r110f110r010t010.jpg\"\/>\n\t\t\t\t\t\t\t\t<\/a>\n\t\t\t\t\t\t\t\t\t\t\t\t\t\t\t\t\t\t<\/div>\n\t\t\t\t<\/div>\n\t\t\t\t\t\t\t\t<h4>\n\t\t\t\t\t<a class='ngg-album-desc' \n\t\t\t\t\ttitle='25.4.2015' href='http:\/\/LegendMTBclub.cz\/index.php\/nggallery\/duben-kveten-2015\/25-4-2015?page_id=4537'style=\"max-width: 111px\"\t\t\t\t\t>\n\t\t\t\t\t\t25.4.2015\t\t\t\t\t<\/a>\n\t\t\t\t<\/h4>\n\t\t\t\t<p class=\"ngg-album-gallery-image-counter\">\n\t\t\t\t\t\t\t\t\t\t\t<strong>50<\/strong>&nbsp;Fotky\t\t\t\t\t\t\t\t\t<\/p>\n\t\t\t<\/div>\n\t\t\t\t\t<div class=\"ngg-album-compact\">\n\t\t\t\t<div class=\"ngg-album-compactbox\">\n\t\t\t\t\t<div class=\"ngg-album-link\">\n\t\t\t\t\t\t\t\t\t\t\t\t\t\t\t\t\t\t\t\t\t<a title='30.5.2015' href='http:\/\/LegendMTBclub.cz\/index.php\/nggallery\/duben-kveten-2015\/30-5-2015?page_id=4537'>\n\t\t\t\t\t\t\t\t\t<img class=\"Thumb\"\n\t\t\t\t\t\t\t\t\t\talt=\"30.5.2015\"\n\t\t\t\t\t\t\t\t\t\tsrc=\"http:\/\/LegendMTBclub.cz\/wp-content\/gallery\/30-5-2015\/cache\/img_2802.jpg-nggid0510543-ngg0dyn-91x68-00f0w010c011r110f110r010t010.jpg\"\/>\n\t\t\t\t\t\t\t\t<\/a>\n\t\t\t\t\t\t\t\t\t\t\t\t\t\t\t\t\t\t<\/div>\n\t\t\t\t<\/div>\n\t\t\t\t\t\t\t\t<h4>\n\t\t\t\t\t<a class='ngg-album-desc' \n\t\t\t\t\ttitle='30.5.2015' href='http:\/\/LegendMTBclub.cz\/index.php\/nggallery\/duben-kveten-2015\/30-5-2015?page_id=4537'style=\"max-width: 111px\"\t\t\t\t\t>\n\t\t\t\t\t\t30.5.2015\t\t\t\t\t<\/a>\n\t\t\t\t<\/h4>\n\t\t\t\t<p class=\"ngg-album-gallery-image-counter\">\n\t\t\t\t\t\t\t\t\t\t\t<strong>72<\/strong>&nbsp;Fotky\t\t\t\t\t\t\t\t\t<\/p>\n\t\t\t<\/div>\n\t\t\t\t\t<div class=\"ngg-album-compact\">\n\t\t\t\t<div class=\"ngg-album-compactbox\">\n\t\t\t\t\t<div class=\"ngg-album-link\">\n\t\t\t\t\t\t\t\t\t\t\t\t\t\t\t\t\t\t\t\t\t<a title='19.9.2015' href='http:\/\/LegendMTBclub.cz\/index.php\/nggallery\/duben-kveten-2015\/19-9-2015?page_id=4537'>\n\t\t\t\t\t\t\t\t\t<img class=\"Thumb\"\n\t\t\t\t\t\t\t\t\t\talt=\"19.9.2015\"\n\t\t\t\t\t\t\t\t\t\tsrc=\"http:\/\/LegendMTBclub.cz\/wp-content\/gallery\/19-9-2015\/cache\/img_7877.jpg-nggid0510615-ngg0dyn-91x68-00f0w010c011r110f110r010t010.jpg\"\/>\n\t\t\t\t\t\t\t\t<\/a>\n\t\t\t\t\t\t\t\t\t\t\t\t\t\t\t\t\t\t<\/div>\n\t\t\t\t<\/div>\n\t\t\t\t\t\t\t\t<h4>\n\t\t\t\t\t<a class='ngg-album-desc' \n\t\t\t\t\ttitle='19.9.2015' href='http:\/\/LegendMTBclub.cz\/index.php\/nggallery\/duben-kveten-2015\/19-9-2015?page_id=4537'style=\"max-width: 111px\"\t\t\t\t\t>\n\t\t\t\t\t\t19.9.2015\t\t\t\t\t<\/a>\n\t\t\t\t<\/h4>\n\t\t\t\t<p class=\"ngg-album-gallery-image-counter\">\n\t\t\t\t\t\t\t\t\t\t\t<strong>65<\/strong>&nbsp;Fotky\t\t\t\t\t\t\t\t\t<\/p>\n\t\t\t<\/div>\n\t\t\t\t\t<div class=\"ngg-album-compact\">\n\t\t\t\t<div class=\"ngg-album-compactbox\">\n\t\t\t\t\t<div class=\"ngg-album-link\">\n\t\t\t\t\t\t\t\t\t\t\t\t\t\t\t\t\t\t\t\t\t<a title='26.9.2015' href='http:\/\/LegendMTBclub.cz\/index.php\/nggallery\/duben-kveten-2015\/26-9-2015?page_id=4537'>\n\t\t\t\t\t\t\t\t\t<img class=\"Thumb\"\n\t\t\t\t\t\t\t\t\t\talt=\"26.9.2015\"\n\t\t\t\t\t\t\t\t\t\tsrc=\"http:\/\/LegendMTBclub.cz\/wp-content\/gallery\/26-9-2015\/cache\/img_7929.jpg-nggid0510650-ngg0dyn-91x68-00f0w010c011r110f110r010t010.jpg\"\/>\n\t\t\t\t\t\t\t\t<\/a>\n\t\t\t\t\t\t\t\t\t\t\t\t\t\t\t\t\t\t<\/div>\n\t\t\t\t<\/div>\n\t\t\t\t\t\t\t\t<h4>\n\t\t\t\t\t<a class='ngg-album-desc' \n\t\t\t\t\ttitle='26.9.2015' href='http:\/\/LegendMTBclub.cz\/index.php\/nggallery\/duben-kveten-2015\/26-9-2015?page_id=4537'style=\"max-width: 111px\"\t\t\t\t\t>\n\t\t\t\t\t\t26.9.2015\t\t\t\t\t<\/a>\n\t\t\t\t<\/h4>\n\t\t\t\t<p class=\"ngg-album-gallery-image-counter\">\n\t\t\t\t\t\t\t\t\t\t\t<strong>160<\/strong>&nbsp;Fotky\t\t\t\t\t\t\t\t\t<\/p>\n\t\t\t<\/div>\n\t\t\t\t\t<div class=\"ngg-album-compact\">\n\t\t\t\t<div class=\"ngg-album-compactbox\">\n\t\t\t\t\t<div class=\"ngg-album-link\">\n\t\t\t\t\t\t\t\t\t\t\t\t\t\t\t\t\t\t\t\t\t<a title='26.-27.9.2015_Jirka' href='http:\/\/LegendMTBclub.cz\/index.php\/nggallery\/duben-kveten-2015\/26-27-9-2015_jirka?page_id=4537'>\n\t\t\t\t\t\t\t\t\t<img class=\"Thumb\"\n\t\t\t\t\t\t\t\t\t\talt=\"26.-27.9.2015_Jirka\"\n\t\t\t\t\t\t\t\t\t\tsrc=\"http:\/\/LegendMTBclub.cz\/wp-content\/gallery\/26-27-9-2015_jirka\/cache\/img_20150927_163757.jpg-nggid0510811-ngg0dyn-91x68-00f0w010c011r110f110r010t010.jpg\"\/>\n\t\t\t\t\t\t\t\t<\/a>\n\t\t\t\t\t\t\t\t\t\t\t\t\t\t\t\t\t\t<\/div>\n\t\t\t\t<\/div>\n\t\t\t\t\t\t\t\t<h4>\n\t\t\t\t\t<a class='ngg-album-desc' \n\t\t\t\t\ttitle='26.-27.9.2015_Jirka' href='http:\/\/LegendMTBclub.cz\/index.php\/nggallery\/duben-kveten-2015\/26-27-9-2015_jirka?page_id=4537'style=\"max-width: 111px\"\t\t\t\t\t>\n\t\t\t\t\t\t26.-27.9.2015_Jirka\t\t\t\t\t<\/a>\n\t\t\t\t<\/h4>\n\t\t\t\t<p class=\"ngg-album-gallery-image-counter\">\n\t\t\t\t\t\t\t\t\t\t\t<strong>36<\/strong>&nbsp;Fotky\t\t\t\t\t\t\t\t\t<\/p>\n\t\t\t<\/div>\n\t\t\t\t\t<div class=\"ngg-album-compact\">\n\t\t\t\t<div class=\"ngg-album-compactbox\">\n\t\t\t\t\t<div class=\"ngg-album-link\">\n\t\t\t\t\t\t\t\t\t\t\t\t\t\t\t\t\t\t\t\t\t<a title='7.10.2015' href='http:\/\/LegendMTBclub.cz\/index.php\/nggallery\/duben-kveten-2015\/7-10-2015?page_id=4537'>\n\t\t\t\t\t\t\t\t\t<img class=\"Thumb\"\n\t\t\t\t\t\t\t\t\t\talt=\"7.10.2015\"\n\t\t\t\t\t\t\t\t\t\tsrc=\"http:\/\/LegendMTBclub.cz\/wp-content\/gallery\/7-10-2015\/cache\/img_8276.jpg-nggid0510921-ngg0dyn-91x68-00f0w010c011r110f110r010t010.jpg\"\/>\n\t\t\t\t\t\t\t\t<\/a>\n\t\t\t\t\t\t\t\t\t\t\t\t\t\t\t\t\t\t<\/div>\n\t\t\t\t<\/div>\n\t\t\t\t\t\t\t\t<h4>\n\t\t\t\t\t<a class='ngg-album-desc' \n\t\t\t\t\ttitle='7.10.2015' href='http:\/\/LegendMTBclub.cz\/index.php\/nggallery\/duben-kveten-2015\/7-10-2015?page_id=4537'style=\"max-width: 111px\"\t\t\t\t\t>\n\t\t\t\t\t\t7.10.2015\t\t\t\t\t<\/a>\n\t\t\t\t<\/h4>\n\t\t\t\t<p class=\"ngg-album-gallery-image-counter\">\n\t\t\t\t\t\t\t\t\t\t\t<strong>102<\/strong>&nbsp;Fotky\t\t\t\t\t\t\t\t\t<\/p>\n\t\t\t<\/div>\n\t\t\t\t\t<div class=\"ngg-album-compact\">\n\t\t\t\t<div class=\"ngg-album-compactbox\">\n\t\t\t\t\t<div class=\"ngg-album-link\">\n\t\t\t\t\t\t\t\t\t\t\t\t\t\t\t\t\t\t\t\t\t<a title='27.10.2015' href='http:\/\/LegendMTBclub.cz\/index.php\/nggallery\/duben-kveten-2015\/27-10-2015?page_id=4537'>\n\t\t\t\t\t\t\t\t\t<img class=\"Thumb\"\n\t\t\t\t\t\t\t\t\t\talt=\"27.10.2015\"\n\t\t\t\t\t\t\t\t\t\tsrc=\"http:\/\/LegendMTBclub.cz\/wp-content\/gallery\/28-10-2015\/cache\/img_8316.jpg-nggid0510948-ngg0dyn-91x68-00f0w010c011r110f110r010t010.jpg\"\/>\n\t\t\t\t\t\t\t\t<\/a>\n\t\t\t\t\t\t\t\t\t\t\t\t\t\t\t\t\t\t<\/div>\n\t\t\t\t<\/div>\n\t\t\t\t\t\t\t\t<h4>\n\t\t\t\t\t<a class='ngg-album-desc' \n\t\t\t\t\ttitle='27.10.2015' href='http:\/\/LegendMTBclub.cz\/index.php\/nggallery\/duben-kveten-2015\/27-10-2015?page_id=4537'style=\"max-width: 111px\"\t\t\t\t\t>\n\t\t\t\t\t\t27.10.2015\t\t\t\t\t<\/a>\n\t\t\t\t<\/h4>\n\t\t\t\t<p class=\"ngg-album-gallery-image-counter\">\n\t\t\t\t\t\t\t\t\t\t\t<strong>27<\/strong>&nbsp;Fotky\t\t\t\t\t\t\t\t\t<\/p>\n\t\t\t<\/div>\n\t\t\t\t\t<div class=\"ngg-album-compact\">\n\t\t\t\t<div class=\"ngg-album-compactbox\">\n\t\t\t\t\t<div class=\"ngg-album-link\">\n\t\t\t\t\t\t\t\t\t\t\t\t\t\t\t\t\t\t\t\t\t<a title='28.10.2015_Maraton' href='http:\/\/LegendMTBclub.cz\/index.php\/nggallery\/duben-kveten-2015\/28-10-2015_maraton?page_id=4537'>\n\t\t\t\t\t\t\t\t\t<img class=\"Thumb\"\n\t\t\t\t\t\t\t\t\t\talt=\"28.10.2015_Maraton\"\n\t\t\t\t\t\t\t\t\t\tsrc=\"http:\/\/LegendMTBclub.cz\/wp-content\/gallery\/28-10-2015_maraton\/cache\/img_8727.jpg-nggid0512232-ngg0dyn-91x68-00f0w010c011r110f110r010t010.jpg\"\/>\n\t\t\t\t\t\t\t\t<\/a>\n\t\t\t\t\t\t\t\t\t\t\t\t\t\t\t\t\t\t<\/div>\n\t\t\t\t<\/div>\n\t\t\t\t\t\t\t\t<h4>\n\t\t\t\t\t<a class='ngg-album-desc' \n\t\t\t\t\ttitle='28.10.2015_Maraton' href='http:\/\/LegendMTBclub.cz\/index.php\/nggallery\/duben-kveten-2015\/28-10-2015_maraton?page_id=4537'style=\"max-width: 111px\"\t\t\t\t\t>\n\t\t\t\t\t\t28.10.2015_Maraton\t\t\t\t\t<\/a>\n\t\t\t\t<\/h4>\n\t\t\t\t<p class=\"ngg-album-gallery-image-counter\">\n\t\t\t\t\t\t\t\t\t\t\t<strong>360<\/strong>&nbsp;Fotky\t\t\t\t\t\t\t\t\t<\/p>\n\t\t\t<\/div>\n\t\t\t\t\t<div class=\"ngg-album-compact\">\n\t\t\t\t<div class=\"ngg-album-compactbox\">\n\t\t\t\t\t<div class=\"ngg-album-link\">\n\t\t\t\t\t\t\t\t\t\t\t\t\t\t\t\t\t\t\t\t\t<a title='31.12.2015' href='http:\/\/LegendMTBclub.cz\/index.php\/nggallery\/duben-kveten-2015\/31-12-2015?page_id=4537'>\n\t\t\t\t\t\t\t\t\t<img class=\"Thumb\"\n\t\t\t\t\t\t\t\t\t\talt=\"31.12.2015\"\n\t\t\t\t\t\t\t\t\t\tsrc=\"http:\/\/LegendMTBclub.cz\/31-12-2015\/cache\/IMG_8782.JPG-nggid0512243-ngg0dyn-91x68-00f0w010c011r110f110r010t010.JPG\"\/>\n\t\t\t\t\t\t\t\t<\/a>\n\t\t\t\t\t\t\t\t\t\t\t\t\t\t\t\t\t\t<\/div>\n\t\t\t\t<\/div>\n\t\t\t\t\t\t\t\t<h4>\n\t\t\t\t\t<a class='ngg-album-desc' \n\t\t\t\t\ttitle='31.12.2015' href='http:\/\/LegendMTBclub.cz\/index.php\/nggallery\/duben-kveten-2015\/31-12-2015?page_id=4537'style=\"max-width: 111px\"\t\t\t\t\t>\n\t\t\t\t\t\t31.12.2015\t\t\t\t\t<\/a>\n\t\t\t\t<\/h4>\n\t\t\t\t<p class=\"ngg-album-gallery-image-counter\">\n\t\t\t\t\t\t\t\t\t\t\t<strong>11<\/strong>&nbsp;Fotky\t\t\t\t\t\t\t\t\t<\/p>\n\t\t\t<\/div>\n\t\t\t\t<br class=\"ngg-clear\"\/>\n\t\t<div class='ngg-clear'><\/div>\t<\/div>\n<br \/>\n\t<div class=\"ngg-albumoverview default-view\">\n\t\t\t\t\t<div class=\"ngg-album-compact\">\n\t\t\t\t<div class=\"ngg-album-compactbox\">\n\t\t\t\t\t<div class=\"ngg-album-link\">\n\t\t\t\t\t\t\t\t\t\t\t\t\t\t\t\t\t\t\t\t\t<a title='10.3.2013' href='http:\/\/LegendMTBclub.cz\/index.php\/nggallery\/brezen-2015\/10-3-2013?page_id=4537'>\n\t\t\t\t\t\t\t\t\t<img class=\"Thumb\"\n\t\t\t\t\t\t\t\t\t\talt=\"10.3.2013\"\n\t\t\t\t\t\t\t\t\t\tsrc=\"http:\/\/LegendMTBclub.cz\/wp-content\/gallery\/10-3-2013\/cache\/img_6643.jpg-nggid0510189-ngg0dyn-91x68-00f0w010c011r110f110r010t010.jpg\"\/>\n\t\t\t\t\t\t\t\t<\/a>\n\t\t\t\t\t\t\t\t\t\t\t\t\t\t\t\t\t\t<\/div>\n\t\t\t\t<\/div>\n\t\t\t\t\t\t\t\t<h4>\n\t\t\t\t\t<a class='ngg-album-desc' \n\t\t\t\t\ttitle='10.3.2013' href='http:\/\/LegendMTBclub.cz\/index.php\/nggallery\/brezen-2015\/10-3-2013?page_id=4537'style=\"max-width: 111px\"\t\t\t\t\t>\n\t\t\t\t\t\t10.3.2013\t\t\t\t\t<\/a>\n\t\t\t\t<\/h4>\n\t\t\t\t<p class=\"ngg-album-gallery-image-counter\">\n\t\t\t\t\t\t\t\t\t\t\t<strong>52<\/strong>&nbsp;Fotky\t\t\t\t\t\t\t\t\t<\/p>\n\t\t\t<\/div>\n\t\t\t\t\t<div class=\"ngg-album-compact\">\n\t\t\t\t<div class=\"ngg-album-compactbox\">\n\t\t\t\t\t<div class=\"ngg-album-link\">\n\t\t\t\t\t\t\t\t\t\t\t\t\t\t\t\t\t\t\t\t\t<a title='24.3.2015' href='http:\/\/LegendMTBclub.cz\/index.php\/nggallery\/brezen-2015\/24-3-2015?page_id=4537'>\n\t\t\t\t\t\t\t\t\t<img class=\"Thumb\"\n\t\t\t\t\t\t\t\t\t\talt=\"24.3.2015\"\n\t\t\t\t\t\t\t\t\t\tsrc=\"http:\/\/LegendMTBclub.cz\/wp-content\/gallery\/24-3-2015\/cache\/img_2626.jpg-nggid0510231-ngg0dyn-91x68-00f0w010c011r110f110r010t010.jpg\"\/>\n\t\t\t\t\t\t\t\t<\/a>\n\t\t\t\t\t\t\t\t\t\t\t\t\t\t\t\t\t\t<\/div>\n\t\t\t\t<\/div>\n\t\t\t\t\t\t\t\t<h4>\n\t\t\t\t\t<a class='ngg-album-desc' \n\t\t\t\t\ttitle='24.3.2015' href='http:\/\/LegendMTBclub.cz\/index.php\/nggallery\/brezen-2015\/24-3-2015?page_id=4537'style=\"max-width: 111px\"\t\t\t\t\t>\n\t\t\t\t\t\t24.3.2015\t\t\t\t\t<\/a>\n\t\t\t\t<\/h4>\n\t\t\t\t<p class=\"ngg-album-gallery-image-counter\">\n\t\t\t\t\t\t\t\t\t\t\t<strong>42<\/strong>&nbsp;Fotky\t\t\t\t\t\t\t\t\t<\/p>\n\t\t\t<\/div>\n\t\t\t\t\t<div class=\"ngg-album-compact\">\n\t\t\t\t<div class=\"ngg-album-compactbox\">\n\t\t\t\t\t<div class=\"ngg-album-link\">\n\t\t\t\t\t\t\t\t\t\t\t\t\t\t\t\t\t\t\t\t\t<a title='31.3.2015' href='http:\/\/LegendMTBclub.cz\/index.php\/nggallery\/brezen-2015\/31-3-2015?page_id=4537'>\n\t\t\t\t\t\t\t\t\t<img class=\"Thumb\"\n\t\t\t\t\t\t\t\t\t\talt=\"31.3.2015\"\n\t\t\t\t\t\t\t\t\t\tsrc=\"http:\/\/LegendMTBclub.cz\/wp-content\/gallery\/31-3-2015\/cache\/img_2640.jpg-nggid0510245-ngg0dyn-91x68-00f0w010c011r110f110r010t010.jpg\"\/>\n\t\t\t\t\t\t\t\t<\/a>\n\t\t\t\t\t\t\t\t\t\t\t\t\t\t\t\t\t\t<\/div>\n\t\t\t\t<\/div>\n\t\t\t\t\t\t\t\t<h4>\n\t\t\t\t\t<a class='ngg-album-desc' \n\t\t\t\t\ttitle='31.3.2015' href='http:\/\/LegendMTBclub.cz\/index.php\/nggallery\/brezen-2015\/31-3-2015?page_id=4537'style=\"max-width: 111px\"\t\t\t\t\t>\n\t\t\t\t\t\t31.3.2015\t\t\t\t\t<\/a>\n\t\t\t\t<\/h4>\n\t\t\t\t<p class=\"ngg-album-gallery-image-counter\">\n\t\t\t\t\t\t\t\t\t\t\t<strong>8<\/strong>&nbsp;Fotky\t\t\t\t\t\t\t\t\t<\/p>\n\t\t\t<\/div>\n\t\t\t\t<br class=\"ngg-clear\"\/>\n\t\t<div class='ngg-clear'><\/div>\t<\/div>\n<br \/>\n\t<div class=\"ngg-albumoverview default-view\">\n\t\t\t\t\t<div class=\"ngg-album-compact\">\n\t\t\t\t<div class=\"ngg-album-compactbox\">\n\t\t\t\t\t<div class=\"ngg-album-link\">\n\t\t\t\t\t\t\t\t\t\t\t\t\t\t\t\t\t\t\t\t\t<a title='1.2.2015' href='http:\/\/LegendMTBclub.cz\/index.php\/nggallery\/unor-2015\/1-2-2015?page_id=4537'>\n\t\t\t\t\t\t\t\t\t<img class=\"Thumb\"\n\t\t\t\t\t\t\t\t\t\talt=\"1.2.2015\"\n\t\t\t\t\t\t\t\t\t\tsrc=\"http:\/\/LegendMTBclub.cz\/wp-content\/gallery\/1-2-2015\/cache\/img_6491.jpg-nggid0510093-ngg0dyn-91x68-00f0w010c011r110f110r010t010.jpg\"\/>\n\t\t\t\t\t\t\t\t<\/a>\n\t\t\t\t\t\t\t\t\t\t\t\t\t\t\t\t\t\t<\/div>\n\t\t\t\t<\/div>\n\t\t\t\t\t\t\t\t<h4>\n\t\t\t\t\t<a class='ngg-album-desc' \n\t\t\t\t\ttitle='1.2.2015' href='http:\/\/LegendMTBclub.cz\/index.php\/nggallery\/unor-2015\/1-2-2015?page_id=4537'style=\"max-width: 111px\"\t\t\t\t\t>\n\t\t\t\t\t\t1.2.2015\t\t\t\t\t<\/a>\n\t\t\t\t<\/h4>\n\t\t\t\t<p class=\"ngg-album-gallery-image-counter\">\n\t\t\t\t\t\t\t\t\t\t\t<strong>8<\/strong>&nbsp;Fotky\t\t\t\t\t\t\t\t\t<\/p>\n\t\t\t<\/div>\n\t\t\t\t\t<div class=\"ngg-album-compact\">\n\t\t\t\t<div class=\"ngg-album-compactbox\">\n\t\t\t\t\t<div class=\"ngg-album-link\">\n\t\t\t\t\t\t\t\t\t\t\t\t\t\t\t\t\t\t\t\t\t<a title='21.2.2015' href='http:\/\/LegendMTBclub.cz\/index.php\/nggallery\/unor-2015\/21-2-2015?page_id=4537'>\n\t\t\t\t\t\t\t\t\t<img class=\"Thumb\"\n\t\t\t\t\t\t\t\t\t\talt=\"21.2.2015\"\n\t\t\t\t\t\t\t\t\t\tsrc=\"http:\/\/LegendMTBclub.cz\/wp-content\/gallery\/21-2-2015\/cache\/img_6582.jpg-nggid0510137-ngg0dyn-91x68-00f0w010c011r110f110r010t010.jpg\"\/>\n\t\t\t\t\t\t\t\t<\/a>\n\t\t\t\t\t\t\t\t\t\t\t\t\t\t\t\t\t\t<\/div>\n\t\t\t\t<\/div>\n\t\t\t\t\t\t\t\t<h4>\n\t\t\t\t\t<a class='ngg-album-desc' \n\t\t\t\t\ttitle='21.2.2015' href='http:\/\/LegendMTBclub.cz\/index.php\/nggallery\/unor-2015\/21-2-2015?page_id=4537'style=\"max-width: 111px\"\t\t\t\t\t>\n\t\t\t\t\t\t21.2.2015\t\t\t\t\t<\/a>\n\t\t\t\t<\/h4>\n\t\t\t\t<p class=\"ngg-album-gallery-image-counter\">\n\t\t\t\t\t\t\t\t\t\t\t<strong>35<\/strong>&nbsp;Fotky\t\t\t\t\t\t\t\t\t<\/p>\n\t\t\t<\/div>\n\t\t\t\t<br class=\"ngg-clear\"\/>\n\t\t<div class='ngg-clear'><\/div>\t<\/div>\n<br \/>\n\t<div class=\"ngg-albumoverview default-view\">\n\t\t\t\t\t<div class=\"ngg-album-compact\">\n\t\t\t\t<div class=\"ngg-album-compactbox\">\n\t\t\t\t\t<div class=\"ngg-album-link\">\n\t\t\t\t\t\t\t\t\t\t\t\t\t\t\t\t\t\t\t\t\t<a title='4.1.2015' href='http:\/\/LegendMTBclub.cz\/index.php\/nggallery\/leden-2015\/4-1-2015?page_id=4537'>\n\t\t\t\t\t\t\t\t\t<img class=\"Thumb\"\n\t\t\t\t\t\t\t\t\t\talt=\"4.1.2015\"\n\t\t\t\t\t\t\t\t\t\tsrc=\"http:\/\/LegendMTBclub.cz\/wp-content\/gallery\/4-1-2015\/cache\/img_6251.jpg-nggid049932-ngg0dyn-91x68-00f0w010c011r110f110r010t010.jpg\"\/>\n\t\t\t\t\t\t\t\t<\/a>\n\t\t\t\t\t\t\t\t\t\t\t\t\t\t\t\t\t\t<\/div>\n\t\t\t\t<\/div>\n\t\t\t\t\t\t\t\t<h4>\n\t\t\t\t\t<a class='ngg-album-desc' \n\t\t\t\t\ttitle='4.1.2015' href='http:\/\/LegendMTBclub.cz\/index.php\/nggallery\/leden-2015\/4-1-2015?page_id=4537'style=\"max-width: 111px\"\t\t\t\t\t>\n\t\t\t\t\t\t4.1.2015\t\t\t\t\t<\/a>\n\t\t\t\t<\/h4>\n\t\t\t\t<p class=\"ngg-album-gallery-image-counter\">\n\t\t\t\t\t\t\t\t\t\t\t<strong>149<\/strong>&nbsp;Fotky\t\t\t\t\t\t\t\t\t<\/p>\n\t\t\t<\/div>\n\t\t\t\t\t<div class=\"ngg-album-compact\">\n\t\t\t\t<div class=\"ngg-album-compactbox\">\n\t\t\t\t\t<div class=\"ngg-album-link\">\n\t\t\t\t\t\t\t\t\t\t\t\t\t\t\t\t\t\t\t\t\t<a title='6.1.2015' href='http:\/\/LegendMTBclub.cz\/index.php\/nggallery\/leden-2015\/6-1-2015?page_id=4537'>\n\t\t\t\t\t\t\t\t\t<img class=\"Thumb\"\n\t\t\t\t\t\t\t\t\t\talt=\"6.1.2015\"\n\t\t\t\t\t\t\t\t\t\tsrc=\"http:\/\/LegendMTBclub.cz\/wp-content\/gallery\/6-1-2015\/cache\/img_6292.jpg-nggid049965-ngg0dyn-91x68-00f0w010c011r110f110r010t010.jpg\"\/>\n\t\t\t\t\t\t\t\t<\/a>\n\t\t\t\t\t\t\t\t\t\t\t\t\t\t\t\t\t\t<\/div>\n\t\t\t\t<\/div>\n\t\t\t\t\t\t\t\t<h4>\n\t\t\t\t\t<a class='ngg-album-desc' \n\t\t\t\t\ttitle='6.1.2015' href='http:\/\/LegendMTBclub.cz\/index.php\/nggallery\/leden-2015\/6-1-2015?page_id=4537'style=\"max-width: 111px\"\t\t\t\t\t>\n\t\t\t\t\t\t6.1.2015\t\t\t\t\t<\/a>\n\t\t\t\t<\/h4>\n\t\t\t\t<p class=\"ngg-album-gallery-image-counter\">\n\t\t\t\t\t\t\t\t\t\t\t<strong>33<\/strong>&nbsp;Fotky\t\t\t\t\t\t\t\t\t<\/p>\n\t\t\t<\/div>\n\t\t\t\t\t<div class=\"ngg-album-compact\">\n\t\t\t\t<div class=\"ngg-album-compactbox\">\n\t\t\t\t\t<div class=\"ngg-album-link\">\n\t\t\t\t\t\t\t\t\t\t\t\t\t\t\t\t\t\t\t\t\t<a title='13.1.2015' href='http:\/\/LegendMTBclub.cz\/index.php\/nggallery\/leden-2015\/13-1-2015?page_id=4537'>\n\t\t\t\t\t\t\t\t\t<img class=\"Thumb\"\n\t\t\t\t\t\t\t\t\t\talt=\"13.1.2015\"\n\t\t\t\t\t\t\t\t\t\tsrc=\"http:\/\/LegendMTBclub.cz\/wp-content\/gallery\/13-1-2015\/cache\/img_6385.jpg-nggid0510024-ngg0dyn-91x68-00f0w010c011r110f110r010t010.jpg\"\/>\n\t\t\t\t\t\t\t\t<\/a>\n\t\t\t\t\t\t\t\t\t\t\t\t\t\t\t\t\t\t<\/div>\n\t\t\t\t<\/div>\n\t\t\t\t\t\t\t\t<h4>\n\t\t\t\t\t<a class='ngg-album-desc' \n\t\t\t\t\ttitle='13.1.2015' href='http:\/\/LegendMTBclub.cz\/index.php\/nggallery\/leden-2015\/13-1-2015?page_id=4537'style=\"max-width: 111px\"\t\t\t\t\t>\n\t\t\t\t\t\t13.1.2015\t\t\t\t\t<\/a>\n\t\t\t\t<\/h4>\n\t\t\t\t<p class=\"ngg-album-gallery-image-counter\">\n\t\t\t\t\t\t\t\t\t\t\t<strong>59<\/strong>&nbsp;Fotky\t\t\t\t\t\t\t\t\t<\/p>\n\t\t\t<\/div>\n\t\t\t\t\t<div class=\"ngg-album-compact\">\n\t\t\t\t<div class=\"ngg-album-compactbox\">\n\t\t\t\t\t<div class=\"ngg-album-link\">\n\t\t\t\t\t\t\t\t\t\t\t\t\t\t\t\t\t\t\t\t\t<a title='20.1.2015' href='http:\/\/LegendMTBclub.cz\/index.php\/nggallery\/leden-2015\/20-1-2015?page_id=4537'>\n\t\t\t\t\t\t\t\t\t<img class=\"Thumb\"\n\t\t\t\t\t\t\t\t\t\talt=\"20.1.2015\"\n\t\t\t\t\t\t\t\t\t\tsrc=\"http:\/\/LegendMTBclub.cz\/wp-content\/gallery\/20-1-2015\/cache\/img_6437.jpg-nggid0510057-ngg0dyn-91x68-00f0w010c011r110f110r010t010.jpg\"\/>\n\t\t\t\t\t\t\t\t<\/a>\n\t\t\t\t\t\t\t\t\t\t\t\t\t\t\t\t\t\t<\/div>\n\t\t\t\t<\/div>\n\t\t\t\t\t\t\t\t<h4>\n\t\t\t\t\t<a class='ngg-album-desc' \n\t\t\t\t\ttitle='20.1.2015' href='http:\/\/LegendMTBclub.cz\/index.php\/nggallery\/leden-2015\/20-1-2015?page_id=4537'style=\"max-width: 111px\"\t\t\t\t\t>\n\t\t\t\t\t\t20.1.2015\t\t\t\t\t<\/a>\n\t\t\t\t<\/h4>\n\t\t\t\t<p class=\"ngg-album-gallery-image-counter\">\n\t\t\t\t\t\t\t\t\t\t\t<strong>33<\/strong>&nbsp;Fotky\t\t\t\t\t\t\t\t\t<\/p>\n\t\t\t<\/div>\n\t\t\t\t\t<div class=\"ngg-album-compact\">\n\t\t\t\t<div class=\"ngg-album-compactbox\">\n\t\t\t\t\t<div class=\"ngg-album-link\">\n\t\t\t\t\t\t\t\t\t\t\t\t\t\t\t\t\t\t\t\t\t<a title='27.1.2015' href='http:\/\/LegendMTBclub.cz\/index.php\/nggallery\/leden-2015\/27-1-2015?page_id=4537'>\n\t\t\t\t\t\t\t\t\t<img class=\"Thumb\"\n\t\t\t\t\t\t\t\t\t\talt=\"27.1.2015\"\n\t\t\t\t\t\t\t\t\t\tsrc=\"http:\/\/LegendMTBclub.cz\/wp-content\/gallery\/20-1-2015_1\/cache\/img_6482.jpg-nggid0510085-ngg0dyn-91x68-00f0w010c011r110f110r010t010.jpg\"\/>\n\t\t\t\t\t\t\t\t<\/a>\n\t\t\t\t\t\t\t\t\t\t\t\t\t\t\t\t\t\t<\/div>\n\t\t\t\t<\/div>\n\t\t\t\t\t\t\t\t<h4>\n\t\t\t\t\t<a class='ngg-album-desc' \n\t\t\t\t\ttitle='27.1.2015' href='http:\/\/LegendMTBclub.cz\/index.php\/nggallery\/leden-2015\/27-1-2015?page_id=4537'style=\"max-width: 111px\"\t\t\t\t\t>\n\t\t\t\t\t\t27.1.2015\t\t\t\t\t<\/a>\n\t\t\t\t<\/h4>\n\t\t\t\t<p class=\"ngg-album-gallery-image-counter\">\n\t\t\t\t\t\t\t\t\t\t\t<strong>28<\/strong>&nbsp;Fotky\t\t\t\t\t\t\t\t\t<\/p>\n\t\t\t<\/div>\n\t\t\t\t<br class=\"ngg-clear\"\/>\n\t\t<div class='ngg-clear'><\/div>\t<\/div>\n<\/p>\n","protected":false},"excerpt":{"rendered":"<p>5.4.2015 18&nbsp;Fotky 14.4.2015 9&nbsp;Fotky 18.4.2014 62&nbsp;Fotky 25.4.2015 50&nbsp;Fotky 30.5.2015 72&nbsp;Fotky 19.9.2015 65&nbsp;Fotky 26.9.2015 160&nbsp;Fotky 26.-27.9.2015_Jirka 36&nbsp;Fotky 7.10.2015 102&nbsp;Fotky 27.10.2015 27&nbsp;Fotky 28.10.2015_Maraton 360&nbsp;Fotky 31.12.2015 11&nbsp;Fotky 10.3.2013 52&nbsp;Fotky 24.3.2015 42&nbsp;Fotky 31.3.2015 8&nbsp;Fotky 1.2.2015 8&nbsp;Fotky 21.2.2015 35&nbsp;Fotky 4.1.2015 149&nbsp;Fotky 6.1.2015 33&nbsp;Fotky 13.1.2015 59&nbsp;Fotky &hellip; <a href=\"http:\/\/LegendMTBclub.cz\/?page_id=4537\">Cel\u00fd p\u0159\u00edsp\u011bvek <span class=\"meta-nav\">&rarr;<\/span><\/a><\/p>\n","protected":false},"author":1,"featured_media":0,"parent":0,"menu_order":0,"comment_status":"closed","ping_status":"closed","template":"onecolumn-page.php","meta":{"ngg_post_thumbnail":0,"footnotes":""},"class_list":["post-4537","page","type-page","status-publish","hentry"],"jetpack_sharing_enabled":true,"jetpack_shortlink":"https:\/\/wp.me\/P8w082-1bb","_links":{"self":[{"href":"http:\/\/LegendMTBclub.cz\/index.php?rest_route=\/wp\/v2\/pages\/4537","targetHints":{"allow":["GET"]}}],"collection":[{"href":"http:\/\/LegendMTBclub.cz\/index.php?rest_route=\/wp\/v2\/pages"}],"about":[{"href":"http:\/\/LegendMTBclub.cz\/index.php?rest_route=\/wp\/v2\/types\/page"}],"author":[{"embeddable":true,"href":"http:\/\/LegendMTBclub.cz\/index.php?rest_route=\/wp\/v2\/users\/1"}],"replies":[{"embeddable":true,"href":"http:\/\/LegendMTBclub.cz\/index.php?rest_route=%2Fwp%2Fv2%2Fcomments&post=4537"}],"version-history":[{"count":13,"href":"http:\/\/LegendMTBclub.cz\/index.php?rest_route=\/wp\/v2\/pages\/4537\/revisions"}],"predecessor-version":[{"id":6155,"href":"http:\/\/LegendMTBclub.cz\/index.php?rest_route=\/wp\/v2\/pages\/4537\/revisions\/6155"}],"wp:attachment":[{"href":"http:\/\/LegendMTBclub.cz\/index.php?rest_route=%2Fwp%2Fv2%2Fmedia&parent=4537"}],"curies":[{"name":"wp","href":"https:\/\/api.w.org\/{rel}","templated":true}]}}