{"id":2564,"date":"2013-01-01T19:46:04","date_gmt":"2013-01-01T19:46:04","guid":{"rendered":"http:\/\/LegendMTBclub.cz\/?page_id=2564"},"modified":"2014-01-01T22:59:04","modified_gmt":"2014-01-01T21:59:04","slug":"fotogalerie-2013","status":"publish","type":"page","link":"http:\/\/LegendMTBclub.cz\/?page_id=2564","title":{"rendered":"Fotogalerie 2013"},"content":{"rendered":"<p><a href=\"http:\/\/legendmtbclub.cz\/?page_id=1624&amp;album=37&amp;gallery=158\"><img loading=\"lazy\" decoding=\"async\" class=\" wp-image-1761  alignleft\" title=\"Klekluli  30.12.2013\" alt=\"\" src=\"http:\/\/LegendMTBclub.cz\/wp-content\/uploads\/2013\/01\/IMG_2875-400x300.jpeg\" width=\"288\" height=\"216\" \/><\/a><\/p>\n<p><a href=\"http:\/\/legendmtbclub.cz\/?page_id=1624&amp;album=37&amp;gallery=157\"><img loading=\"lazy\" decoding=\"async\" class=\" wp-image-1761  alignleft\" title=\"V\u00e1no\u010dn\u00ed j\u00edzda  24.12.2013\" alt=\"\" src=\"http:\/\/LegendMTBclub.cz\/wp-content\/uploads\/2013\/01\/IMG_2039-400x300.jpg\" width=\"288\" height=\"216\" \/><\/a><\/p>\n<p><a href=\"http:\/\/legendmtbclub.cz\/?page_id=1624&amp;album=37&amp;gallery=156\"><img loading=\"lazy\" decoding=\"async\" class=\" wp-image-1761  alignleft\" title=\"Zlat\u00e1 Koruna  15.12.2013\" alt=\"\" src=\"http:\/\/LegendMTBclub.cz\/wp-content\/uploads\/2013\/01\/IMG_1909-400x300.jpg\" width=\"288\" height=\"216\" \/><\/a><\/p>\n<p><a href=\"http:\/\/legendmtbclub.cz\/?page_id=1624&amp;album=37&amp;gallery=155\"><img loading=\"lazy\" decoding=\"async\" class=\" wp-image-1761  alignleft\" title=\"Night ride  3.12.2013\" alt=\"\" src=\"http:\/\/LegendMTBclub.cz\/wp-content\/uploads\/2013\/01\/IMG_1877-400x300.jpg\" width=\"288\" height=\"216\" \/><\/a><\/p>\n<p><a href=\"http:\/\/legendmtbclub.cz\/?page_id=1624&amp;album=37&amp;gallery=154\"><img loading=\"lazy\" decoding=\"async\" class=\" wp-image-1761  alignleft\" title=\"Ned\u011ble  1.12.2013\" alt=\"\" src=\"http:\/\/LegendMTBclub.cz\/wp-content\/uploads\/2013\/01\/20131201_094758-400x300.jpg\" width=\"288\" height=\"216\" \/><\/a><\/p>\n<p><a href=\"http:\/\/legendmtbclub.cz\/?page_id=1624&amp;album=36&amp;gallery=153\"><img loading=\"lazy\" decoding=\"async\" class=\" wp-image-1761  alignleft\" title=\"Polu\u0161ka  16.11.2013\" alt=\"\" src=\"http:\/\/LegendMTBclub.cz\/wp-content\/uploads\/2013\/01\/IMG_1835-400x300.jpg\" width=\"288\" height=\"216\" \/><\/a><\/p>\n<p><a href=\"http:\/\/legendmtbclub.cz\/?page_id=1624&amp;album=35&amp;gallery=152\"><img loading=\"lazy\" decoding=\"async\" class=\" wp-image-1761  alignleft\" title=\"Markvartice  10.11.2013\" alt=\"\" src=\"http:\/\/LegendMTBclub.cz\/wp-content\/uploads\/2013\/01\/IMG_1739-400x300.jpg\" width=\"288\" height=\"216\" \/><\/a><\/p>\n<p><a href=\"http:\/\/legendmtbclub.cz\/?page_id=1624&amp;album=35&amp;gallery=151\"><img loading=\"lazy\" decoding=\"async\" class=\" wp-image-1761  alignleft\" title=\"Z\u00e1v\u011br sezony 2013  27.10.2013\" alt=\"\" src=\"http:\/\/LegendMTBclub.cz\/wp-content\/uploads\/2013\/01\/IMG_1475-400x300.jpg\" width=\"288\" height=\"216\" \/><\/a><\/p>\n<p><a href=\"http:\/\/legendmtbclub.cz\/?page_id=1624&amp;album=35&amp;gallery=150\"><img loading=\"lazy\" decoding=\"async\" class=\" wp-image-1761  alignleft\" title=\"\u017didova strouha  13.10.2013\" alt=\"\" src=\"http:\/\/LegendMTBclub.cz\/wp-content\/uploads\/2013\/01\/IMG_1389-400x300.jpg\" width=\"288\" height=\"216\" \/><\/a><\/p>\n<p><a href=\"http:\/\/legendmtbclub.cz\/?page_id=1624&amp;album=34&amp;gallery=149\"><img loading=\"lazy\" decoding=\"async\" class=\" wp-image-1761  alignleft\" title=\"No\u010dn\u00edch p\u00e1r des\u00edtek mil  29.9.2013\" alt=\"\" src=\"http:\/\/LegendMTBclub.cz\/wp-content\/uploads\/2013\/01\/20130929_040807-533x300.jpg\" width=\"288\" height=\"216\" \/><\/a><\/p>\n<p><a href=\"http:\/\/legendmtbclub.cz\/?page_id=1624&amp;album=34&amp;gallery=148\"><img loading=\"lazy\" decoding=\"async\" class=\" wp-image-1761  alignleft\" title=\"Bab\u00ed l\u00e9to na singlu  14.9.2013\" alt=\"\" src=\"http:\/\/LegendMTBclub.cz\/wp-content\/uploads\/2013\/01\/IMG_1753-400x300.jpg\" width=\"288\" height=\"216\" \/><\/a><\/p>\n<p><a href=\"http:\/\/legendmtbclub.cz\/?page_id=1624&amp;album=33&amp;gallery=147\"><img loading=\"lazy\" decoding=\"async\" class=\" wp-image-1761  alignleft\" title=\"Rychlebsk\u00e9 stezky 23. - 24. 8.2013\" alt=\"\" src=\"http:\/\/LegendMTBclub.cz\/wp-content\/uploads\/2013\/01\/IMG_1663-400x300.jpg\" width=\"288\" height=\"216\" \/><\/a><\/p>\n<p><a href=\"http:\/\/legendmtbclub.cz\/?page_id=1624&amp;album=33&amp;gallery=146\"><img loading=\"lazy\" decoding=\"async\" class=\" wp-image-1761  alignleft\" title=\"Klatovy Vimperk \u010cesk\u00e9 Bud\u011bjovice Foto Petr 17.-18. 8.2013\" alt=\"\" src=\"http:\/\/LegendMTBclub.cz\/wp-content\/uploads\/2013\/01\/IMG_1541-225x300.jpg\" width=\"288\" height=\"216\" \/><\/a><\/p>\n<p><a href=\"http:\/\/legendmtbclub.cz\/?page_id=1624&amp;album=33&amp;gallery=145\"><img loading=\"lazy\" decoding=\"async\" class=\" wp-image-1761  alignleft\" title=\"Klatovy Vimperk \u010cesk\u00e9 Bud\u011bjovice Foto Pavel 17.-18. 8.2013\" alt=\"\" src=\"http:\/\/LegendMTBclub.cz\/wp-content\/uploads\/2013\/01\/20130817_160647-533x300.jpg\" width=\"288\" height=\"216\" \/><\/a><\/p>\n<p><a href=\"http:\/\/legendmtbclub.cz\/?page_id=1624&amp;album=33&amp;gallery=144\"><img loading=\"lazy\" decoding=\"async\" class=\" wp-image-1761  alignleft\" title=\"Klatovy Vimperk \u010cesk\u00e9 Bud\u011bjovice  17.-18. 8.2013\" alt=\"\" src=\"http:\/\/LegendMTBclub.cz\/wp-content\/uploads\/2013\/01\/IMG_0974-400x300.jpg\" width=\"288\" height=\"216\" \/><\/a><\/p>\n<p><a href=\"http:\/\/legendmtbclub.cz\/?page_id=1624&amp;album=33&amp;gallery=143\"><img loading=\"lazy\" decoding=\"async\" class=\" wp-image-1761  alignleft\" title=\"Li\u0161ov  14.8.2013\" alt=\"\" src=\"http:\/\/LegendMTBclub.cz\/wp-content\/uploads\/2013\/01\/IMG_1629-400x300.jpg\" width=\"288\" height=\"216\" \/><\/a><\/p>\n<p><a href=\"http:\/\/legendmtbclub.cz\/?page_id=1624&amp;album=33&amp;gallery=142\"><img loading=\"lazy\" decoding=\"async\" class=\" wp-image-1761  alignleft\" title=\"Dobr\u00e1 Voda  7.8.2013\" alt=\"\" src=\"http:\/\/LegendMTBclub.cz\/wp-content\/uploads\/2013\/01\/IMG_1604-400x300.jpg\" width=\"288\" height=\"216\" \/><\/a><\/p>\n<p><a href=\"http:\/\/legendmtbclub.cz\/?page_id=1624&amp;album=33&amp;gallery=141\"><img loading=\"lazy\" decoding=\"async\" class=\" wp-image-1761  alignleft\" title=\"Pod Polu\u0161kou  4.8.2013\" alt=\"\" src=\"http:\/\/LegendMTBclub.cz\/wp-content\/uploads\/2013\/01\/IMG_1594-400x300.jpg\" width=\"288\" height=\"216\" \/><\/a><\/p>\n<p><a href=\"http:\/\/legendmtbclub.cz\/?page_id=1624&amp;album=33&amp;gallery=140\"><img loading=\"lazy\" decoding=\"async\" class=\" wp-image-1761  alignleft\" title=\"Kluk  2.8.2013\" alt=\"\" src=\"http:\/\/LegendMTBclub.cz\/wp-content\/uploads\/2013\/01\/IMG_0886-225x300.jpg\" width=\"288\" height=\"216\" \/><\/a><\/p>\n<p><a href=\"http:\/\/legendmtbclub.cz\/?page_id=1624&amp;album=32&amp;gallery=139\"><img loading=\"lazy\" decoding=\"async\" class=\" wp-image-1761  alignleft\" title=\"Defekt  31.7.2013\" alt=\"\" src=\"http:\/\/LegendMTBclub.cz\/wp-content\/uploads\/2013\/01\/IMG_0875-400x300.jpg\" width=\"288\" height=\"216\" \/><\/a><\/p>\n<p><a href=\"http:\/\/legendmtbclub.cz\/?page_id=1624&amp;album=32&amp;gallery=137\"><img loading=\"lazy\" decoding=\"async\" class=\"size-medium wp-image-1761  alignleft\" title=\"Rudolfov  11.7.2013\" alt=\"\" src=\"http:\/\/LegendMTBclub.cz\/wp-content\/uploads\/2013\/01\/IMG_0782-400x300.jpg\" width=\"288\" height=\"216\" \/><\/a><\/p>\n<p><a href=\"http:\/\/legendmtbclub.cz\/?page_id=1624&amp;album=32&amp;gallery=138\"><img loading=\"lazy\" decoding=\"async\" class=\" wp-image-1761  alignleft\" title=\"Linec  5.7.2013\" alt=\"\" src=\"http:\/\/LegendMTBclub.cz\/wp-content\/uploads\/2013\/01\/linec.jpg\" width=\"288\" height=\"216\" \/><\/a><\/p>\n<p><a href=\"http:\/\/legendmtbclub.cz\/?page_id=1624&amp;album=31&amp;gallery=136\"><img loading=\"lazy\" decoding=\"async\" class=\"size-medium wp-image-1761  alignleft\" title=\"Prachatice  23.6.2013\" alt=\"\" src=\"http:\/\/LegendMTBclub.cz\/wp-content\/uploads\/2013\/01\/IMG_0540-400x300.jpg\" width=\"288\" height=\"216\" \/><\/a><\/p>\n<p><a href=\"http:\/\/legendmtbclub.cz\/?page_id=1624&amp;album=31&amp;gallery=135\"><img loading=\"lazy\" decoding=\"async\" class=\"size-medium wp-image-1761  alignleft\" title=\"6+ Boletice  16.6.2013\" alt=\"\" src=\"http:\/\/LegendMTBclub.cz\/wp-content\/uploads\/2013\/01\/IMG_0375-400x300.jpg\" width=\"288\" height=\"216\" \/><\/a><\/p>\n<p><a href=\"http:\/\/legendmtbclub.cz\/?page_id=1624&amp;album=31&amp;gallery=134\"><img loading=\"lazy\" decoding=\"async\" class=\"size-medium wp-image-1761  alignleft\" title=\"Pohodov\u00e1 st\u0159eda  12.6.2013\" alt=\"\" src=\"http:\/\/LegendMTBclub.cz\/wp-content\/uploads\/2013\/01\/IMG_1565-400x300.jpg\" width=\"288\" height=\"216\" \/><\/a><\/p>\n<p><a href=\"http:\/\/legendmtbclub.cz\/?page_id=1624&amp;album=31&amp;gallery=133\"><img loading=\"lazy\" decoding=\"async\" class=\"size-medium wp-image-1761  alignleft\" title=\"Ned\u011ble v \u0158\u00edmov\u011b  9.6.2013\" alt=\"\" src=\"http:\/\/LegendMTBclub.cz\/wp-content\/uploads\/2013\/01\/IMG_0309.jpg\" width=\"288\" height=\"216\" \/><\/a><\/p>\n<p><a href=\"http:\/\/legendmtbclub.cz\/?page_id=1624&amp;album=30&amp;gallery=132\"><img loading=\"lazy\" decoding=\"async\" class=\"size-medium wp-image-1761  alignleft\" title=\"100 mil  25.5.2013\" alt=\"\" src=\"http:\/\/LegendMTBclub.cz\/wp-content\/uploads\/2013\/01\/IMG_1547-400x300.jpg\" width=\"288\" height=\"216\" \/><\/a><\/p>\n<p><a href=\"http:\/\/legendmtbclub.cz\/?page_id=1624&amp;album=30&amp;gallery=131\"><img loading=\"lazy\" decoding=\"async\" class=\"size-medium wp-image-1761  alignleft\" title=\"St\u0159eda  22.5.2013\" alt=\"\" src=\"http:\/\/LegendMTBclub.cz\/wp-content\/uploads\/2013\/01\/IMG_1391-400x300.jpg\" width=\"288\" height=\"216\" \/><\/a><\/p>\n<p><a href=\"http:\/\/legendmtbclub.cz\/?page_id=1624&amp;album=30&amp;gallery=130\"><img loading=\"lazy\" decoding=\"async\" class=\"size-medium wp-image-1761  alignleft\" title=\"P\u0159\u00edprava na 100 mil singlespeed 15.5.2013\" alt=\"\" src=\"http:\/\/LegendMTBclub.cz\/wp-content\/uploads\/2013\/01\/IMG_1910-400x300.jpg\" width=\"288\" height=\"216\" \/><\/a><\/p>\n<p><a href=\"http:\/\/legendmtbclub.cz\/?page_id=1624&amp;album=30&amp;gallery=129\"><img loading=\"lazy\" decoding=\"async\" class=\"size-medium wp-image-1761  alignleft\" title=\"Singlespeedov\u00e9 \u0161\u00edlenstv\u00ed 8.5.2013\" alt=\"\" src=\"http:\/\/LegendMTBclub.cz\/wp-content\/uploads\/2013\/01\/Fotografie0782-400x300.jpg\" width=\"288\" height=\"216\" \/><\/a><\/p>\n<p><a href=\"http:\/\/legendmtbclub.cz\/?page_id=1624&amp;album=30&amp;gallery=128\"><img loading=\"lazy\" decoding=\"async\" class=\"size-medium wp-image-1761  alignleft\" title=\"Pod\u00e9l Mal\u0161e a \u010cern\u00e9 dom\u016f 1.5.2013\" alt=\"\" src=\"http:\/\/LegendMTBclub.cz\/wp-content\/uploads\/2013\/01\/IMAG0117-400x300.jpg\" width=\"288\" height=\"216\" \/><\/a><\/p>\n<p><a href=\"http:\/\/legendmtbclub.cz\/?page_id=1624&amp;album=29&amp;gallery=127\"><img loading=\"lazy\" decoding=\"async\" class=\"size-medium wp-image-1761  alignleft\" title=\"Pod\u00e9l Mal\u0161e do Kaplice 28.4.2013\" alt=\"\" src=\"http:\/\/LegendMTBclub.cz\/wp-content\/uploads\/2013\/01\/IMG_1759-400x300.jpg\" width=\"288\" height=\"216\" \/><\/a><\/p>\n<p><a href=\"http:\/\/legendmtbclub.cz\/?page_id=1624&amp;album=29&amp;gallery=126\"><img loading=\"lazy\" decoding=\"async\" class=\"size-medium wp-image-1761  alignleft\" title=\"Singlespeed friendly trasa 21.4.2013\" alt=\"\" src=\"http:\/\/LegendMTBclub.cz\/wp-content\/uploads\/2013\/01\/IMG_1736-400x300.jpg\" width=\"288\" height=\"216\" \/><\/a><\/p>\n<p><a href=\"http:\/\/legendmtbclub.cz\/?page_id=1624&amp;album=29&amp;gallery=125\"><img loading=\"lazy\" decoding=\"async\" class=\"size-medium wp-image-1761  alignleft\" title=\"Testovac\u00ed v\u00edkend 14.4.2013\" alt=\"\" src=\"http:\/\/LegendMTBclub.cz\/wp-content\/uploads\/2013\/01\/IMG_0891-400x300.jpg\" width=\"288\" height=\"216\" \/><\/a><\/p>\n<p><a href=\"http:\/\/legendmtbclub.cz\/?page_id=1624&amp;album=29&amp;gallery=124\"><img loading=\"lazy\" decoding=\"async\" class=\"size-medium wp-image-1761  alignleft\" title=\"St\u0159eda He\u0159ma\u0148 10.4.2013\" alt=\"\" src=\"http:\/\/LegendMTBclub.cz\/wp-content\/uploads\/2013\/01\/IMG_0846-400x300.jpg\" width=\"288\" height=\"216\" \/><\/a><\/p>\n<p><a href=\"http:\/\/legendmtbclub.cz\/?page_id=1624&amp;album=28&amp;gallery=123\"><img loading=\"lazy\" decoding=\"async\" class=\"size-medium wp-image-1761  alignleft\" title=\"Sn\u00edh a bl\u00e1to  3.3.2013\" alt=\"\" src=\"http:\/\/LegendMTBclub.cz\/wp-content\/uploads\/2013\/01\/IMG_0687-400x300.jpg\" width=\"288\" height=\"216\" \/><\/a><\/p>\n<p><a href=\"http:\/\/legendmtbclub.cz\/?page_id=1624&amp;album=27&amp;gallery=122\"><img loading=\"lazy\" decoding=\"async\" class=\"size-medium wp-image-1761  alignleft\" title=\"Zasn\u011b\u017een\u00e1 ned\u011ble  10.2.2013\" alt=\"\" src=\"http:\/\/LegendMTBclub.cz\/wp-content\/uploads\/2013\/01\/IMG_0582-400x300.jpg\" width=\"288\" height=\"216\" \/><\/a><\/p>\n<p><a href=\"http:\/\/legendmtbclub.cz\/?page_id=1624&amp;album=26&amp;gallery=121\"><img loading=\"lazy\" decoding=\"async\" class=\"size-medium wp-image-1761  alignleft\" title=\"No\u010dn\u00ed Jivno  16.1.2013\" alt=\"\" src=\"http:\/\/LegendMTBclub.cz\/wp-content\/uploads\/2013\/01\/IMG_0554-400x300.jpg\" width=\"288\" height=\"216\" \/><\/a><\/p>\n<p><a href=\"http:\/\/legendmtbclub.cz\/?page_id=1624&amp;album=26&amp;gallery=120\"><img loading=\"lazy\" decoding=\"async\" class=\"size-medium wp-image-1761  alignleft\" title=\"Ned\u011ble  13.1.2013\" alt=\"\" src=\"http:\/\/LegendMTBclub.cz\/wp-content\/uploads\/2013\/01\/IMG_0536-400x300.jpg\" width=\"288\" height=\"216\" \/><\/a><\/p>\n<p><a href=\"http:\/\/legendmtbclub.cz\/?page_id=1624&amp;album=26&amp;gallery=119\"><img loading=\"lazy\" decoding=\"async\" class=\"size-medium wp-image-1761  alignleft\" title=\"Novoro\u010dn\u00ed  1.1.2013\" alt=\"\" src=\"http:\/\/LegendMTBclub.cz\/wp-content\/uploads\/2013\/01\/IMG_04981-400x300.jpg\" width=\"288\" height=\"216\" \/><\/a><\/p>\n","protected":false},"excerpt":{"rendered":"","protected":false},"author":1,"featured_media":0,"parent":0,"menu_order":0,"comment_status":"closed","ping_status":"closed","template":"onecolumn-page.php","meta":{"ngg_post_thumbnail":0,"footnotes":""},"class_list":["post-2564","page","type-page","status-publish","hentry"],"jetpack_sharing_enabled":true,"jetpack_shortlink":"https:\/\/wp.me\/P8w082-Fm","_links":{"self":[{"href":"http:\/\/LegendMTBclub.cz\/index.php?rest_route=\/wp\/v2\/pages\/2564","targetHints":{"allow":["GET"]}}],"collection":[{"href":"http:\/\/LegendMTBclub.cz\/index.php?rest_route=\/wp\/v2\/pages"}],"about":[{"href":"http:\/\/LegendMTBclub.cz\/index.php?rest_route=\/wp\/v2\/types\/page"}],"author":[{"embeddable":true,"href":"http:\/\/LegendMTBclub.cz\/index.php?rest_route=\/wp\/v2\/users\/1"}],"replies":[{"embeddable":true,"href":"http:\/\/LegendMTBclub.cz\/index.php?rest_route=%2Fwp%2Fv2%2Fcomments&post=2564"}],"version-history":[{"count":100,"href":"http:\/\/LegendMTBclub.cz\/index.php?rest_route=\/wp\/v2\/pages\/2564\/revisions"}],"predecessor-version":[{"id":3190,"href":"http:\/\/LegendMTBclub.cz\/index.php?rest_route=\/wp\/v2\/pages\/2564\/revisions\/3190"}],"wp:attachment":[{"href":"http:\/\/LegendMTBclub.cz\/index.php?rest_route=%2Fwp%2Fv2%2Fmedia&parent=2564"}],"curies":[{"name":"wp","href":"https:\/\/api.w.org\/{rel}","templated":true}]}}