{"id":1466,"date":"2011-12-22T18:14:32","date_gmt":"2011-12-22T18:14:32","guid":{"rendered":"http:\/\/legendmtbclub.cz\/?page_id=1466"},"modified":"2015-12-18T07:46:37","modified_gmt":"2015-12-18T06:46:37","slug":"trasy-pro-rok-2012","status":"publish","type":"page","link":"http:\/\/LegendMTBclub.cz\/?page_id=1466","title":{"rendered":"Trasy 2012"},"content":{"rendered":"<p><script src=\".\/trasy\/hover.js\" type=\"text\/javascript\"><\/script><br \/>\nJezd\u00edme v ned\u011bli, \u010das a m\u00edsto odjezdu dle trasy, nej\u010dast\u011bji \u00a09.00 r\u00e1no sraz HOCH . Sobota (zima) dle z\u00e1jmu. \u00dater\u00fd\u00a0odpoledne cca 17,30 \u00a0 HOCH.<br \/>\nPozn\u00e1mka: Trasy nejsou upravov\u00e1ny, tak\u017ee je zaznamen\u00e1no i hled\u00e1n\u00ed a objevov\u00e1n\u00ed nov\u00fdch stezek.<\/p>\n<table border=\"1\" cellspacing=\"1\" cellpadding=\"3\" bgcolor=\"#797979\">\n<tbody>\n<tr bgcolor=\"#999999\">\n<td class=\"bodytext1a5\" align=\"center\" width=\"120\">\n<div>Datum<\/div>\n<\/td>\n<td class=\"bodytext1a5\" align=\"center\" width=\"300\">\n<div>M\u00edsto<\/div>\n<\/td>\n<td class=\"bodytext1a5\" align=\"center\" width=\"50\">\n<div>Obt\u00ed\u017enost<\/div>\n<\/td>\n<td class=\"bodytext1a5\" align=\"center\" width=\"100\">\n<div>Vedouc\u00ed<\/div>\n<\/td>\n<td class=\"bodytext1a5\" align=\"center\" width=\"280\">\n<div>\u010cas \/ Pozn\u00e1mka<\/div>\n<\/td>\n<\/tr>\n<tr bgcolor=\"#ffffff\">\n<td align=\"center\">\n<h5>15.1.2012<\/h5>\n<\/td>\n<td align=\"center\">\n<h5><a href=\"http:\/\/www.cykloserver.cz\/cykloatlas\/?d=73833#pos=48.93368P14.54913P12\">Doudleby<\/a><\/h5>\n<\/td>\n<td align=\"center\">\n<h5><a href=\" http:\/\/legendmtbclub.cz\/?page_id=47\">Lehk\u00e1<\/a><\/h5>\n<\/td>\n<td align=\"center\">\n<h5>Pavel<\/h5>\n<\/td>\n<td align=\"center\">\n<h5>Ned\u011ble 9:00 prvn\u00ed del\u0161\u00ed j\u00edzda<\/h5>\n<\/td>\n<\/tr>\n<tr bgcolor=\"#ffffff\">\n<td align=\"center\">\n<h5>11.2.2012<\/h5>\n<\/td>\n<td align=\"center\">\n<h5><a href=\"http:\/\/www.cykloserver.cz\/cykloatlas\/?d=74768#pos=48.97966P14.39943P14\">Dubn\u00e9 v zim\u011b<\/a><\/h5>\n<\/td>\n<td align=\"center\">\n<h5><a href=\" http:\/\/legendmtbclub.cz\/?page_id=47\">T\u011b\u017ek\u00e1<\/a><\/h5>\n<\/td>\n<td align=\"center\">\n<h5>Pavel<\/h5>\n<\/td>\n<td align=\"center\">\n<h5>Sobota 13:00 mr\u00e1z -15\u00b0C<\/h5>\n<\/td>\n<\/tr>\n<tr bgcolor=\"#ffffff\">\n<td align=\"center\">\n<h5>3.3.2012<\/h5>\n<\/td>\n<td align=\"center\">\n<h5><a href=\"wp-content\/uploads\/gpx\/3.3.2012_Libnic_SS.gpx\">Libni\u010d.gpx<\/a><\/h5>\n<\/td>\n<td align=\"center\">\n<h5><a href=\" http:\/\/legendmtbclub.cz\/?page_id=47\">Leh\u010d\u00ed<\/a><\/h5>\n<\/td>\n<td align=\"center\">\n<h5>Pavel<\/h5>\n<\/td>\n<td align=\"center\">\n<h5>Sobota 8:00 singletrail best<\/h5>\n<\/td>\n<\/tr>\n<tr bgcolor=\"#ffffff\">\n<td align=\"center\">\n<h5>7.3.2012<\/h5>\n<\/td>\n<td align=\"center\">\n<h5><a href=\"wp-content\/uploads\/gpx\/7.3.2012_Hosin_SS.gpx\">Hos\u00edn.gpx<\/a><\/h5>\n<\/td>\n<td align=\"center\">\n<h5><a href=\" http:\/\/legendmtbclub.cz\/?page_id=47\">Leh\u010d\u00ed<\/a><\/h5>\n<\/td>\n<td align=\"center\">\n<h5>Pavel<\/h5>\n<\/td>\n<td align=\"center\">\n<h5>St\u0159eda 17:30 \u00a0ss, velk\u00e1 technika<\/h5>\n<\/td>\n<\/tr>\n<tr bgcolor=\"#ffffff\">\n<td align=\"center\">\n<h5>11.3.2012<\/h5>\n<\/td>\n<td align=\"center\">\n<h5><a href=\"wp-content\/uploads\/gpx\/11.3.2012_DivciKamen_SS.gpx\">D\u00edv\u010d\u00ed K\u00e1men.gpx<\/a><\/h5>\n<\/td>\n<td align=\"center\">\n<h5><a href=\" http:\/\/legendmtbclub.cz\/?page_id=47\">Leh\u010d\u00ed<\/a><\/h5>\n<\/td>\n<td align=\"center\">\n<h5>Pavel<\/h5>\n<\/td>\n<td align=\"center\">\n<h5>Ned\u011ble 8:000 \u00a0ss, velk\u00e1 n\u00e1maha<\/h5>\n<\/td>\n<\/tr>\n<tr bgcolor=\"#ffffff\">\n<td align=\"center\">\n<h5>14.3.2012<\/h5>\n<\/td>\n<td align=\"center\">\n<h5><a href=\"wp-content\/uploads\/gpx\/14.3.2012_NovaVes.gpx\">Nov\u00e1 Ves.gpx<\/a><\/h5>\n<\/td>\n<td align=\"center\">\n<h5><a href=\" http:\/\/legendmtbclub.cz\/?page_id=47\">Leh\u010d\u00ed<\/a><\/h5>\n<\/td>\n<td align=\"center\">\n<h5>Pavel<\/h5>\n<\/td>\n<td align=\"center\">\n<h5>St\u0159eda 17:30 \u00a0ht, z\u00e1bavn\u00e9 singltracky<\/h5>\n<\/td>\n<\/tr>\n<tr bgcolor=\"#ffffff\">\n<td align=\"center\">\n<h5>18.3.2012<\/h5>\n<\/td>\n<td align=\"center\">\n<h5><a href=\"wp-content\/uploads\/gpx\/18.3.2012_Lhenice_Chvalsiny.gpx\">Lhenice-Chval\u0161iny.gpx<\/a><\/h5>\n<\/td>\n<td align=\"center\">\n<h5><a href=\" http:\/\/legendmtbclub.cz\/?page_id=47\">T\u011b\u017ek\u00e1<\/a><\/h5>\n<\/td>\n<td align=\"center\">\n<h5>Pavel<\/h5>\n<\/td>\n<td align=\"center\">\n<h5>Ned\u011ble 8:00 \u00a0ht, Za\u010d\u00e1tek trasy 100mil<\/h5>\n<\/td>\n<\/tr>\n<tr bgcolor=\"#ffffff\">\n<td align=\"center\">\n<h5>25.3.2012<\/h5>\n<\/td>\n<td align=\"center\">\n<h5><a href=\"wp-content\/uploads\/gpx\/25.3.2012_Malse.gpx\">Pod\u00e9l Mal\u0161e.gpx<\/a><\/h5>\n<\/td>\n<td align=\"center\">\n<h5><a href=\" http:\/\/legendmtbclub.cz\/?page_id=47\">T\u011b\u017ek\u00e1<\/a><\/h5>\n<\/td>\n<td align=\"center\">\n<h5>Pavel<\/h5>\n<\/td>\n<td align=\"center\">\n<h5>Ned\u011ble 8:00 \u00a0fs, Pod\u00e9l Mal\u0161e<\/h5>\n<\/td>\n<\/tr>\n<tr bgcolor=\"#ffffff\">\n<td align=\"center\">\n<h5>29.4.2012<\/h5>\n<\/td>\n<td align=\"center\">\n<h5><a href=\"http:\/\/www.cykloserver.cz\/cykloatlas\/?d=81834#pos=48.85754P14.66176P11\">Nov\u00fdch Hrad\u016f<\/a><\/h5>\n<\/td>\n<td align=\"center\">\n<h5><a href=\" http:\/\/legendmtbclub.cz\/?page_id=47\">T\u011b\u017ek\u00e1<\/a><\/h5>\n<\/td>\n<td align=\"center\">\n<h5>Pavel<\/h5>\n<\/td>\n<td align=\"center\">\n<h5>Ned\u011ble 8:00 \u00a0fs,<\/h5>\n<\/td>\n<\/tr>\n<tr bgcolor=\"#ffffff\">\n<td align=\"center\">\n<h5>5.5.2012<\/h5>\n<\/td>\n<td align=\"center\">\n<h5><a href=\"http:\/\/www.cykloserver.cz\/cykloatlas\/?d=83150&amp;akey=9923683c78457ac2ee5c244647d33dc0#pos=48.95420P14.14800P11\">Bob\u00edk, Lib\u00edn<\/a><\/h5>\n<\/td>\n<td align=\"center\">\n<h5><a href=\" http:\/\/legendmtbclub.cz\/?page_id=47\">T\u011b\u017ek\u00e1<\/a><\/h5>\n<\/td>\n<td align=\"center\">\n<h5>Pavel<\/h5>\n<\/td>\n<td align=\"center\">\n<h5>Sobota 6:45 n\u00e1dra\u017e\u00ed \u00a0fs,<\/h5>\n<\/td>\n<\/tr>\n<tr bgcolor=\"#ffffff\">\n<td align=\"center\">\n<h5>26.5.2012<\/h5>\n<\/td>\n<td align=\"center\">\n<h5><a href=\"http:\/\/www.cykloserver.cz\/cykloatlas\/?d=86146#pos=48.95406P14.16541P11\">Z\u00e1vod 100 mil podh\u016f\u0159\u00edm \u0160umavy<\/a><\/h5>\n<\/td>\n<td align=\"center\">\n<h5><a href=\" http:\/\/legendmtbclub.cz\/?page_id=47\">T\u011b\u017ek\u00e1<\/a><\/h5>\n<\/td>\n<td align=\"center\">\n<h5>Pavel<\/h5>\n<\/td>\n<td align=\"center\">\n<h5>Sobota 4:45 n\u00e1m\u011bst\u00ed \u00a0fs,<\/h5>\n<\/td>\n<\/tr>\n<\/tbody>\n<\/table>\n<hr \/>\n<h2>P\u0159ipravujeme<\/h2>\n<table border=\"1\" cellspacing=\"1\" cellpadding=\"3\" bgcolor=\"#797979\">\n<tbody>\n<tr bgcolor=\"#999999\">\n<td class=\"bodytext1a5\" align=\"center\" width=\"120\">\n<div>Datum<\/div>\n<\/td>\n<td class=\"bodytext1a5\" align=\"center\" width=\"300\">\n<div>M\u00edsto<\/div>\n<\/td>\n<td class=\"bodytext1a5\" align=\"center\" width=\"50\">\n<div>Obt\u00ed\u017enost<\/div>\n<\/td>\n<td class=\"bodytext1a5\" align=\"center\" width=\"100\">\n<div>Vedouc\u00ed<\/div>\n<\/td>\n<td class=\"bodytext1a5\" align=\"center\" width=\"280\">\n<div>\u010cas \/ Pozn\u00e1mka<\/div>\n<\/td>\n<\/tr>\n<tr bgcolor=\"#ffffff\">\n<td align=\"center\">\n<h5>2012<\/h5>\n<\/td>\n<td align=\"center\">\n<h5><a href=\"http:\/\/www.cykloserver.cz\/cykloatlas\/#pos=48.93569P14.48856P13\">Zah\u00e1jen\u00ed sezony Okolo Bud\u011bjc<\/a><\/h5>\n<\/td>\n<td align=\"center\">\n<h5><a href=\" http:\/\/legendmtbclub.cz\/?page_id=47\">T\u011b\u017ek\u00e1<\/a><\/h5>\n<\/td>\n<td align=\"center\">\n<h5>Pavel K<\/h5>\n<\/td>\n<td align=\"center\">\n<h5>Ofici\u00e1ln\u00ed zah\u00e1jen\u00ed sezony<\/h5>\n<\/td>\n<\/tr>\n<tr bgcolor=\"#ffffff\">\n<td align=\"center\">\n<h5>12.5.2012<\/h5>\n<\/td>\n<td align=\"center\">\n<h5><a href=\"http:\/\/www.cykloserver.cz\/cykloatlas\/?d=69861#pos=48.94669P14.15022P12\">100mil Ji\u017en\u00edmi \u010cechy<\/a><\/h5>\n<\/td>\n<td align=\"center\">\n<h5><a href=\" http:\/\/legendmtbclub.cz\/?page_id=47\">T\u011b\u017ek\u00e1<\/a><\/h5>\n<\/td>\n<td align=\"center\">\n<h5>Lojza<\/h5>\n<\/td>\n<td align=\"center\">\n<h5>vytrvalostn\u00ed akce pro otrl\u00e9 (26.5. n\u00e1hradn\u00ed term\u00edn)<\/h5>\n<\/td>\n<\/tr>\n<tr bgcolor=\"#ffffff\">\n<td align=\"center\">\n<h5>2012<\/h5>\n<\/td>\n<td align=\"center\">\n<h5><a href=\"http:\/\/www.cykloserver.cz\/cykloatlas\/#pos=48.93569P14.48856P13\">Bene\u0161ov kolem S\u00e1zavy, Brdy<\/a><\/h5>\n<\/td>\n<td align=\"center\">\n<h5><a href=\" http:\/\/legendmtbclub.cz\/?page_id=47\">T\u011b\u017e\u0161\u00ed<\/a><\/h5>\n<\/td>\n<td align=\"center\">\n<h5>Pavel K<\/h5>\n<\/td>\n<td align=\"center\">\n<h5>v\u00edcedenn\u00ed akce sm\u011brem dom\u016f<\/h5>\n<\/td>\n<\/tr>\n<tr bgcolor=\"#ffffff\">\n<td align=\"center\">\n<h5>2012<\/h5>\n<\/td>\n<td align=\"center\">\n<h5><a href=\"http:\/\/www.cykloserver.cz\/cykloatlas\/#pos=48.93569P14.48856P13\">Kru\u0161n\u00e9 hory<\/a><\/h5>\n<\/td>\n<td align=\"center\">\n<h5><a href=\" http:\/\/legendmtbclub.cz\/?page_id=47\">T\u011b\u017e\u0161\u00ed<\/a><\/h5>\n<\/td>\n<td align=\"center\">\n<h5>Pavel K<\/h5>\n<\/td>\n<td align=\"center\">\n<h5>Objevov\u00e1n\u00ed nov\u00e9 destinace<\/h5>\n<\/td>\n<\/tr>\n<tr bgcolor=\"#ffffff\">\n<td align=\"center\">\n<h5>2012<\/h5>\n<\/td>\n<td align=\"center\">\n<h5><a href=\"http:\/\/www.cykloserver.cz\/cykloatlas\/#pos=49.52565P18.68843P11\">Moravskoslezsk\u00e9 Beskydy v\u00fdlet do Polska?<\/a><\/h5>\n<\/td>\n<td align=\"center\">\n<h5><a href=\" http:\/\/legendmtbclub.cz\/?page_id=47\">T\u011b\u017e\u0161\u00ed<\/a><\/h5>\n<\/td>\n<td align=\"center\">\n<h5>Pavel K<\/h5>\n<\/td>\n<td align=\"center\">\n<h5>V\u00edcedenn\u00ed hv\u011bzdicov\u00e1 akce<\/h5>\n<\/td>\n<\/tr>\n<tr bgcolor=\"#ffffff\">\n<td align=\"center\">\n<h5>2012<\/h5>\n<\/td>\n<td align=\"center\">\n<h5><a href=\"http:\/\/www.cykloserver.cz\/cykloatlas\/#pos=48.93569P14.48856P13\">Vy\u0161\u0161\u00ed Brod, Sternstein, Guglwald, Vy\u0161\u0161\u00ed Brod <\/a><\/h5>\n<\/td>\n<td align=\"center\">\n<h5><a href=\" http:\/\/legendmtbclub.cz\/?page_id=47\">T\u011b\u017ek\u00e1<\/a><\/h5>\n<\/td>\n<td align=\"center\">\n<h5>Pavel<\/h5>\n<\/td>\n<td align=\"center\">\n<h5>Jednodenn\u00ed akce<\/h5>\n<\/td>\n<\/tr>\n<tr bgcolor=\"#ffffff\">\n<td align=\"center\">\n<h5>2012<\/h5>\n<\/td>\n<td align=\"center\">\n<h5><a href=\"http:\/\/www.cykloserver.cz\/cykloatlas\/#pos=48.93569P14.48856P13\">\u017didova strouha za sucha<\/a><\/h5>\n<\/td>\n<td align=\"center\">\n<h5><a href=\" http:\/\/legendmtbclub.cz\/?page_id=47\">T\u011b\u017ek\u00e1<\/a><\/h5>\n<\/td>\n<td align=\"center\">\n<h5>Lojza<\/h5>\n<\/td>\n<td align=\"center\">\n<h5>Jednodenn\u00ed akce<\/h5>\n<\/td>\n<\/tr>\n<\/tbody>\n<\/table>\n","protected":false},"excerpt":{"rendered":"<p>Jezd\u00edme v ned\u011bli, \u010das a m\u00edsto odjezdu dle trasy, nej\u010dast\u011bji \u00a09.00 r\u00e1no sraz HOCH . Sobota (zima) dle z\u00e1jmu. \u00dater\u00fd\u00a0odpoledne cca 17,30 \u00a0 HOCH. Pozn\u00e1mka: Trasy nejsou upravov\u00e1ny, tak\u017ee je zaznamen\u00e1no i hled\u00e1n\u00ed a objevov\u00e1n\u00ed nov\u00fdch stezek. Datum M\u00edsto Obt\u00ed\u017enost &hellip; <a href=\"http:\/\/LegendMTBclub.cz\/?page_id=1466\">Cel\u00fd p\u0159\u00edsp\u011bvek <span class=\"meta-nav\">&rarr;<\/span><\/a><\/p>\n","protected":false},"author":1,"featured_media":0,"parent":0,"menu_order":0,"comment_status":"open","ping_status":"closed","template":"onecolumn-page.php","meta":{"ngg_post_thumbnail":0,"footnotes":""},"class_list":["post-1466","page","type-page","status-publish","hentry"],"jetpack_sharing_enabled":true,"jetpack_shortlink":"https:\/\/wp.me\/P8w082-nE","_links":{"self":[{"href":"http:\/\/LegendMTBclub.cz\/index.php?rest_route=\/wp\/v2\/pages\/1466","targetHints":{"allow":["GET"]}}],"collection":[{"href":"http:\/\/LegendMTBclub.cz\/index.php?rest_route=\/wp\/v2\/pages"}],"about":[{"href":"http:\/\/LegendMTBclub.cz\/index.php?rest_route=\/wp\/v2\/types\/page"}],"author":[{"embeddable":true,"href":"http:\/\/LegendMTBclub.cz\/index.php?rest_route=\/wp\/v2\/users\/1"}],"replies":[{"embeddable":true,"href":"http:\/\/LegendMTBclub.cz\/index.php?rest_route=%2Fwp%2Fv2%2Fcomments&post=1466"}],"version-history":[{"count":67,"href":"http:\/\/LegendMTBclub.cz\/index.php?rest_route=\/wp\/v2\/pages\/1466\/revisions"}],"predecessor-version":[{"id":5497,"href":"http:\/\/LegendMTBclub.cz\/index.php?rest_route=\/wp\/v2\/pages\/1466\/revisions\/5497"}],"wp:attachment":[{"href":"http:\/\/LegendMTBclub.cz\/index.php?rest_route=%2Fwp%2Fv2%2Fmedia&parent=1466"}],"curies":[{"name":"wp","href":"https:\/\/api.w.org\/{rel}","templated":true}]}}