{"id":1216,"date":"2011-09-22T19:21:48","date_gmt":"2011-09-22T19:21:48","guid":{"rendered":"http:\/\/legendmtbclub.cz\/?page_id=1216"},"modified":"2011-11-07T18:33:26","modified_gmt":"2011-11-07T18:33:26","slug":"filozofie-singlespeedu","status":"publish","type":"page","link":"http:\/\/LegendMTBclub.cz\/?page_id=1216","title":{"rendered":"Filozofie singlespeedu"},"content":{"rendered":"<p>Pro\u010d jezdit na kole singlespeedu?<\/p>\n<p>No, pro\u010d ne?<\/p>\n<p>Za\u010dal jsem na singlespeedu kv\u016fli nedostatku pen\u011bz. Jako student, nemohl jsem se \u00a0nahrazovat opot\u0159ebovan\u00e9 \u0159azen\u00ed. Ale j\u00edzda na singlespeedu je n\u00e1vykov\u00e1. Rovnov\u00e1ha na kole je skv\u011bl\u00e9, ani\u017e by v\u0161e, co se v\u00e1hy na zadn\u00ed stran\u011b. Vy\u0161\u0161\u00ed spolehlivost. Vypad\u00e1 to l\u00e9pe beze v\u0161ech lanek. A co je nejd\u016fle\u017eit\u011bj\u0161\u00ed, \u00a0je j\u00edzda. J\u00edzda na singlespeed je poctiv\u00e1 a jednoduch\u00e1. Jedin\u00e9 na co mus\u00edte myslet je plynul\u00e9 \u0161lap\u00e1n\u00ed a &#8211; bez pohyb\u016f palc\u016f . Pokud nem\u016f\u017eete zvl\u00e1dnou kopec, pak se nem\u016f\u017eete dostat na kopec &#8211; nem\u00e1te \u00a0\u0161patn\u00e9 \u0159azen\u00ed, prost\u011b to nedok\u00e1\u017eete. Nesete rychlost dol\u016f kopce, kdy\u017e se dostanete p\u0159\u00edli\u0161 rychle na ped\u00e1l a m\u016f\u017eete se bavit v tichu klidn\u00e9ho pohonu.<\/p>\n<p>Citace <a href=\"http:\/\/www.aidanharding.com\/why\/\">Aidan Harding <\/a><\/p>\n<p>An adventure is simply a well planned trip gone awry.<br \/>\nDobrodru\u017estv\u00ed je dob\u0159e napl\u00e1novan\u00e1 cesta, kter\u00e1 se nepoda\u0159ila.<\/p>\n<p><a href=\"http:\/\/andrew-carney.blogspot.com\/\">http:\/\/andrew-carney.blogspot.com\/<\/a><\/p>\n","protected":false},"excerpt":{"rendered":"<p>Pro\u010d jezdit na kole singlespeedu? No, pro\u010d ne? Za\u010dal jsem na singlespeedu kv\u016fli nedostatku pen\u011bz. Jako student, nemohl jsem se \u00a0nahrazovat opot\u0159ebovan\u00e9 \u0159azen\u00ed. Ale j\u00edzda na singlespeedu je n\u00e1vykov\u00e1. Rovnov\u00e1ha na kole je skv\u011bl\u00e9, ani\u017e by v\u0161e, co se v\u00e1hy &hellip; <a href=\"http:\/\/LegendMTBclub.cz\/?page_id=1216\">Cel\u00fd p\u0159\u00edsp\u011bvek <span class=\"meta-nav\">&rarr;<\/span><\/a><\/p>\n","protected":false},"author":1,"featured_media":0,"parent":1137,"menu_order":0,"comment_status":"closed","ping_status":"closed","template":"onecolumn-page.php","meta":{"ngg_post_thumbnail":0,"footnotes":""},"class_list":["post-1216","page","type-page","status-publish","hentry"],"jetpack_sharing_enabled":true,"jetpack_shortlink":"https:\/\/wp.me\/P8w082-jC","_links":{"self":[{"href":"http:\/\/LegendMTBclub.cz\/index.php?rest_route=\/wp\/v2\/pages\/1216","targetHints":{"allow":["GET"]}}],"collection":[{"href":"http:\/\/LegendMTBclub.cz\/index.php?rest_route=\/wp\/v2\/pages"}],"about":[{"href":"http:\/\/LegendMTBclub.cz\/index.php?rest_route=\/wp\/v2\/types\/page"}],"author":[{"embeddable":true,"href":"http:\/\/LegendMTBclub.cz\/index.php?rest_route=\/wp\/v2\/users\/1"}],"replies":[{"embeddable":true,"href":"http:\/\/LegendMTBclub.cz\/index.php?rest_route=%2Fwp%2Fv2%2Fcomments&post=1216"}],"version-history":[{"count":7,"href":"http:\/\/LegendMTBclub.cz\/index.php?rest_route=\/wp\/v2\/pages\/1216\/revisions"}],"predecessor-version":[{"id":1218,"href":"http:\/\/LegendMTBclub.cz\/index.php?rest_route=\/wp\/v2\/pages\/1216\/revisions\/1218"}],"up":[{"embeddable":true,"href":"http:\/\/LegendMTBclub.cz\/index.php?rest_route=\/wp\/v2\/pages\/1137"}],"wp:attachment":[{"href":"http:\/\/LegendMTBclub.cz\/index.php?rest_route=%2Fwp%2Fv2%2Fmedia&parent=1216"}],"curies":[{"name":"wp","href":"https:\/\/api.w.org\/{rel}","templated":true}]}}