{"id":1205,"date":"2011-09-22T19:16:27","date_gmt":"2011-09-22T19:16:27","guid":{"rendered":"http:\/\/legendmtbclub.cz\/?page_id=1205"},"modified":"2011-11-18T20:14:19","modified_gmt":"2011-11-18T20:14:19","slug":"nase-kola","status":"publish","type":"page","link":"http:\/\/LegendMTBclub.cz\/?page_id=1205","title":{"rendered":"Na\u0161e kola"},"content":{"rendered":"<p>M\u016fj hybrid<br \/>\n<a href=\"http:\/\/legendmtbclub.cz\/?attachment_id=1138\" rel=\"attachment wp-att-1138\"><img loading=\"lazy\" decoding=\"async\" title=\"IMG_1624\" src=\"http:\/\/legendmtbclub.cz\/wp-content\/uploads\/2011\/09\/IMG_1624.jpg\" alt=\"\" width=\"620\" height=\"480\" \/><\/a><br \/>\nM\u016fj nov\u00fd RIG<br \/>\n<a href=\"http:\/\/legendmtbclub.cz\/?attachment_id=1300\" rel=\"attachment wp-att-1300\"><img loading=\"lazy\" decoding=\"async\" class=\"alignnone size-large wp-image-1300\" title=\"IMG_3673\" src=\"http:\/\/legendmtbclub.cz\/wp-content\/uploads\/2011\/09\/IMG_3673-1024x768.jpg\" alt=\"\" width=\"620\" height=\"480\" \/><\/a><br \/>\nPavl\u016fv origin\u00e1l<br \/>\n<a href=\"http:\/\/legendmtbclub.cz\/?attachment_id=1301\" rel=\"attachment wp-att-1301\"><img loading=\"lazy\" decoding=\"async\" class=\"alignnone size-large wp-image-1301\" title=\"IMG_3674\" src=\"http:\/\/legendmtbclub.cz\/wp-content\/uploads\/2011\/09\/IMG_3674-1024x768.jpg\" alt=\"\" width=\"620\" height=\"480\" \/><\/a><br \/>\n<a href=\"http:\/\/legendmtbclub.cz\/?attachment_id=1139\" rel=\"attachment wp-att-1139\"><img loading=\"lazy\" decoding=\"async\" title=\"IMG_1627\" src=\"http:\/\/legendmtbclub.cz\/wp-content\/uploads\/2011\/09\/IMG_1627.jpg\" alt=\"\" width=\"620\" height=\"480\" \/><\/a><br \/>\nPetr\u016fv RIG<\/p>\n<p><a href=\"http:\/\/legendmtbclub.cz\/?attachment_id=1401\" rel=\"attachment wp-att-1401\"><img loading=\"lazy\" decoding=\"async\" class=\"alignnone size-full wp-image-1401\" title=\"IMG_1627\" src=\"http:\/\/legendmtbclub.cz\/wp-content\/uploads\/2011\/09\/IMG_16271.jpg\" alt=\"\" width=\"620\" height=\"465\" srcset=\"http:\/\/LegendMTBclub.cz\/wp-content\/uploads\/2011\/09\/IMG_16271.jpg 800w, http:\/\/LegendMTBclub.cz\/wp-content\/uploads\/2011\/09\/IMG_16271-400x300.jpg 400w\" sizes=\"auto, (max-width: 620px) 100vw, 620px\" \/><\/a><\/p>\n<p>Jirka a jeho sing<\/p>\n<p><a href=\"http:\/\/legendmtbclub.cz\/?attachment_id=1402\" rel=\"attachment wp-att-1402\"><img loading=\"lazy\" decoding=\"async\" class=\"alignnone size-full wp-image-1402\" title=\"IMG_1629\" src=\"http:\/\/legendmtbclub.cz\/wp-content\/uploads\/2011\/09\/IMG_1629.jpg\" alt=\"\" width=\"620\" height=\"465\" srcset=\"http:\/\/LegendMTBclub.cz\/wp-content\/uploads\/2011\/09\/IMG_1629.jpg 800w, http:\/\/LegendMTBclub.cz\/wp-content\/uploads\/2011\/09\/IMG_1629-400x300.jpg 400w\" sizes=\"auto, (max-width: 620px) 100vw, 620px\" \/><\/a><\/p>\n","protected":false},"excerpt":{"rendered":"<p>M\u016fj hybrid M\u016fj nov\u00fd RIG Pavl\u016fv origin\u00e1l Petr\u016fv RIG Jirka a jeho sing<\/p>\n","protected":false},"author":1,"featured_media":0,"parent":1137,"menu_order":0,"comment_status":"closed","ping_status":"closed","template":"onecolumn-page.php","meta":{"ngg_post_thumbnail":0,"footnotes":""},"class_list":["post-1205","page","type-page","status-publish","hentry"],"jetpack_sharing_enabled":true,"jetpack_shortlink":"https:\/\/wp.me\/P8w082-jr","_links":{"self":[{"href":"http:\/\/LegendMTBclub.cz\/index.php?rest_route=\/wp\/v2\/pages\/1205","targetHints":{"allow":["GET"]}}],"collection":[{"href":"http:\/\/LegendMTBclub.cz\/index.php?rest_route=\/wp\/v2\/pages"}],"about":[{"href":"http:\/\/LegendMTBclub.cz\/index.php?rest_route=\/wp\/v2\/types\/page"}],"author":[{"embeddable":true,"href":"http:\/\/LegendMTBclub.cz\/index.php?rest_route=\/wp\/v2\/users\/1"}],"replies":[{"embeddable":true,"href":"http:\/\/LegendMTBclub.cz\/index.php?rest_route=%2Fwp%2Fv2%2Fcomments&post=1205"}],"version-history":[{"count":12,"href":"http:\/\/LegendMTBclub.cz\/index.php?rest_route=\/wp\/v2\/pages\/1205\/revisions"}],"predecessor-version":[{"id":1404,"href":"http:\/\/LegendMTBclub.cz\/index.php?rest_route=\/wp\/v2\/pages\/1205\/revisions\/1404"}],"up":[{"embeddable":true,"href":"http:\/\/LegendMTBclub.cz\/index.php?rest_route=\/wp\/v2\/pages\/1137"}],"wp:attachment":[{"href":"http:\/\/LegendMTBclub.cz\/index.php?rest_route=%2Fwp%2Fv2%2Fmedia&parent=1205"}],"curies":[{"name":"wp","href":"https:\/\/api.w.org\/{rel}","templated":true}]}}